{"id":26,"date":"2011-05-09T09:10:40","date_gmt":"2011-05-09T09:10:40","guid":{"rendered":""},"modified":"2011-05-09T09:10:40","modified_gmt":"2011-05-09T09:10:40","slug":"gizlilik-politikas%c4%b1","status":"publish","type":"page","link":"https:\/\/www.big-animals.com\/tr\/gizlilik-politikas%c4%b1\/","title":{"rendered":"Gizlilik Politikas\u0131"},"content":{"rendered":"<p><span id=\"gts_text_1\" class=\"gts_text\">Bu sayfa, Big-Animals.com i\u00e7in gizlilik ilkesini a\u00e7\u0131klar.<\/span><\/p>\n<p>\n<span id=\"gts_text_2\" class=\"gts_text\">Temel olarak, bu site sizin hakk\u0131n\u0131zda herhangi bir ki\u015fisel bilgi toplamak de\u011fildir. <\/span><span id=\"gts_text_3\" class=\"gts_text\">Gizlilik g\u00fcvendedir. <\/span><span id=\"gts_text_4\" class=\"gts_text\">Siteleri belirli baz\u0131 k\u0131s\u0131mlar\u0131n\u0131 (a\u015fa\u011f\u0131da a\u00e7\u0131kland\u0131\u011f\u0131 gibi) size ancak sitenin hi\u00e7bir b\u00f6l\u00fcm\u00fc sizin bilginiz olmadan bilgi edinme giri\u015fimleri bilgileri depolayabilir.<\/span> <\/p>\n<p><span id=\"gts_text_5\" class=\"gts_text\">\u00d6te yandan, bu sitelerin <i>mu<\/i> deposu <i>ortalama ve toplam<\/i> ziyaret\u00e7iler hakk\u0131nda bilgi <i>t\u00fcm<\/i> bu siteye. <\/span><span id=\"gts_text_6\" class=\"gts_text\">Bu \u00fczerinden yap\u0131l\u0131r<\/span><\/p>\n<ul>\n<li> <span id=\"gts_text_7\" class=\"gts_text\">Esas olarak, <a href=\"http:\/\/www.google.com\/analytics\">google Analytics<\/a><\/span>\n<\/li>\n<li> <span id=\"gts_text_8\" class=\"gts_text\">Web sunucusu g\u00fcnl\u00fckleri.<\/span>\n<\/li>\n<li> <span id=\"gts_text_9\" class=\"gts_text\">Her sayfa ziyaret say\u0131s\u0131 depolan\u0131r.<\/span>\n<\/li>\n<\/ul>\n<p><span id=\"gts_text_10\" class=\"gts_text\">Bu toplu istatistikler ki\u015fisel kimli\u011finizi herhangi bir bilgi i\u00e7ermez. <\/span><span id=\"gts_text_11\" class=\"gts_text\">Bilgiler, siteye herkes i\u00e7in daha iyi hale getirmek i\u00e7in kullan\u0131l\u0131r.<\/span><\/p>\n<p><span id=\"gts_text_12\" class=\"gts_text\">Baz\u0131 siteler <i>yapmak<\/i> baz\u0131 par\u00e7alar\u0131n\u0131 toplamak ve bunu sa\u011flarsan\u0131z ancak daha ki\u015fisel bilgi deposu. <\/span><span id=\"gts_text_13\" class=\"gts_text\">\u00d6zellikle anket yan\u0131tlar\u0131 depolar, ancak bu bilgiler sizi ki\u015fisel olarak, elbette tan\u0131mlamayan.<\/span>\n<\/p>\n<p><span id=\"gts_text_14\" class=\"gts_text\">Bu Web sitesinin baz\u0131 unsurlar\u0131 yapmak, ba\u015fka sitelerden i\u00e7erik kullan\u0131n. <\/span><span id=\"gts_text_15\" class=\"gts_text\">Bu \u00f6\u011feler genellikle bilgisayar\u0131n\u0131zda tan\u0131mlama bilgileri depolar. <\/span><span id=\"gts_text_16\" class=\"gts_text\">\u00d6zellikle<\/span>\n<\/p>\n<ul>\n<li> <span id=\"gts_text_17\" class=\"gts_text\">\u00c7o\u011fu reklam, Google Adsense program\u0131 arac\u0131l\u0131\u011f\u0131yla sa\u011flan\u0131r. <\/span><span id=\"gts_text_18\" class=\"gts_text\">L\u00fctfen unutmay\u0131n<\/span>\n<ul>\n<li> <span id=\"gts_text_19\" class=\"gts_text\">Google, o size g\u00f6stermek i\u00e7in hangi reklamlar\u0131n karar yard\u0131mc\u0131 olmak i\u00e7in \u00e7erezler kullan\u0131r.<\/span>\n     <\/li>\n<li> <span id=\"gts_text_20\" class=\"gts_text\">dart \u00e7erezi Google&#8217;n\u0131n kullan\u0131m ge\u00e7mi\u015fte ziyaret etti\u011finiz Web sitelerine ba\u011fl\u0131 olabilir g\u00f6rd\u00fc\u011f\u00fcn\u00fcz reklamlar anlam\u0131na gelir.<\/span>\n     <\/li>\n<li> <span id=\"gts_text_21\" class=\"gts_text\">E\u011fer belirli bir bilgisayarda dart \u00e7erezi kullanan Google durdurmak istiyorsunuz veya google reklamlar\u0131 ve gizlilik sorunlar\u0131, <a href=\"http:\/\/www.google.com\/privacy_ads.html\" target=\"new\">sen-ebilmek yapmak \u00f6ylesine burada<\/a>hakk\u0131nda daha fazla bilgi almak istiyorum.<\/span>\n<\/li>\n<\/ul>\n<\/li>\n<li> <span id=\"gts_text_22\" class=\"gts_text\">Genel (ki\u015fisel) bilgiler, Google Analytics&#8217;i kullanarak toplan\u0131r.<\/span>\n<\/li>\n<li> <span id=\"gts_text_23\" class=\"gts_text\">Site i\u00e7i arama de Google taraf\u0131ndan sa\u011flan\u0131r.<\/span>\n<\/li>\n<li> <span id=\"gts_text_24\" class=\"gts_text\">Amazon.com ba\u011flant\u0131lar Amazon Associates programa ba\u011fl\u0131.<\/span>\n<\/li>\n<li> <span id=\"gts_text_25\" class=\"gts_text\">Zazzle \u00dcr\u00fcnler, duyurular\u0131n\u0131, Zazzle taraf\u0131ndan sa\u011flan\u0131r.<\/span>\n<\/li>\n<li> <span id=\"gts_text_26\" class=\"gts_text\">&#8220;Hayvan temal\u0131 Oyunlar&#8221; \u00e7engel medya taraf\u0131ndan sa\u011flan\u0131r.<\/span>\n<\/li>\n<p><\/uL><br \/>\n<span id=\"gts_text_27\" class=\"gts_text\">Bu konuda endi\u015feniz varsa, <a href=\"http:\/\/www.google.com\/privacy.html\" target=\"new\">Google<\/a>, <a href=\"http:\/\/www.amazon.com\/gp\/help\/customer\/display.html?nodeId=468496\" target=\"new\">Amazon.com<\/a>, <a href=\"http:\/\/www.hookedmediagroup.com\/Global\/Privacy.aspx\">Medya grubu \u00e7engel<\/a> ve <a href=\"http:\/\/www.zazzle.com\/mk\/policy\/privacy_policy\">Zazzle<\/a>gizlilik ilkelerini dan\u0131\u015fmal\u0131s\u0131n\u0131z.<\/span><\/p>\n<p><span id=\"gts_text_28\" class=\"gts_text\">Yard\u0131mc\u0131 umut!<\/span><\/p>\n","protected":false},"excerpt":{"rendered":"<p>Bu sayfa, Big-Animals.com i\u00e7in gizlilik ilkesini a\u00e7\u0131klar. Temel olarak, bu site sizin hakk\u0131n\u0131zda herhangi bir ki\u015fisel bilgi toplamak de\u011fildir. Gizlilik g\u00fcvendedir. Siteleri belirli baz\u0131 k\u0131s\u0131mlar\u0131n\u0131 (a\u015fa\u011f\u0131da a\u00e7\u0131kland\u0131\u011f\u0131 gibi) size ancak sitenin hi\u00e7bir b\u00f6l\u00fcm\u00fc sizin bilginiz olmadan bilgi edinme giri\u015fimleri bilgileri depolayabilir. \u00d6te yandan, bu sitelerin mu deposu ortalama ve toplam ziyaret\u00e7iler hakk\u0131nda bilgi t\u00fcm bu &hellip; <a href=\"https:\/\/www.big-animals.com\/tr\/gizlilik-politikas%c4%b1\/\" class=\"more-link\">Continue reading <span class=\"screen-reader-text\">Gizlilik Politikas\u0131<\/span><\/a><\/p>\n","protected":false},"author":1,"featured_media":0,"parent":0,"menu_order":0,"comment_status":"closed","ping_status":"open","template":"","meta":{"_acf_changed":false,"footnotes":""},"acf":[],"_links":{"self":[{"href":"https:\/\/www.big-animals.com\/tr\/wp-json\/wp\/v2\/pages\/26"}],"collection":[{"href":"https:\/\/www.big-animals.com\/tr\/wp-json\/wp\/v2\/pages"}],"about":[{"href":"https:\/\/www.big-animals.com\/tr\/wp-json\/wp\/v2\/types\/page"}],"author":[{"embeddable":true,"href":"https:\/\/www.big-animals.com\/tr\/wp-json\/wp\/v2\/users\/1"}],"replies":[{"embeddable":true,"href":"https:\/\/www.big-animals.com\/tr\/wp-json\/wp\/v2\/comments?post=26"}],"version-history":[{"count":0,"href":"https:\/\/www.big-animals.com\/tr\/wp-json\/wp\/v2\/pages\/26\/revisions"}],"wp:attachment":[{"href":"https:\/\/www.big-animals.com\/tr\/wp-json\/wp\/v2\/media?parent=26"}],"curies":[{"name":"wp","href":"https:\/\/api.w.org\/{rel}","templated":true}]}}