{"id":3,"date":"2011-05-09T08:54:17","date_gmt":"2011-05-09T08:54:17","guid":{"rendered":""},"modified":"2011-05-09T08:54:17","modified_gmt":"2011-05-09T08:54:17","slug":"an-alphabetical-list-of-the-worlds-largest-animals","status":"publish","type":"page","link":"https:\/\/www.big-animals.com\/tr\/an-alphabetical-list-of-the-worlds-largest-animals\/","title":{"rendered":"D\u00fcnyan\u0131n en b\u00fcy\u00fck hayvan alfabetik bir listesi"},"content":{"rendered":"<p><html><head><\/head><body><a name=\"top\"><\/a><\/p>\n<p><span id=\"gts_text_1\" class=\"gts_text\">Bu sayfa, bu sitede t\u00fcm hayvanlar alfabetik bir listesini i\u00e7erir.<\/span> <span id=\"gts_text_2\" class=\"gts_text\">Sizin favori b\u00fcy\u00fck hayvan bak\u0131p ne kadar \u00f6zel k\u0131lan!<\/span><\/p>\n<p><span id=\"gts_text_3\" class=\"gts_text\"><a href=\"#a\">A<\/a> <a href=\"#b\">B<\/a> <a href=\"#c\">C<\/a> <a href=\"#d\">D<\/a> <a href=\"#e\">E<\/a> <a href=\"#f\">F<\/a> <a href=\"#g\">G<\/a> <a href=\"#h\">H<\/a> <a href=\"#i\">I<\/a> <a href=\"#j\">J<\/a> <a href=\"#k\">K<\/a> <a href=\"#l\">L<\/a> <a href=\"#m\">M<\/a> <a href=\"#n\">N<\/a> <a href=\"#o\">O<\/a> <a href=\"#p\">P<\/a> <a href=\"#q\">Q<\/a> <a href=\"#r\">R<\/a> <a href=\"#s\">S<\/a> <a href=\"#t\">T<\/a> <a href=\"#u\">U<\/a> <a href=\"#v\">V<\/a> <a href=\"#w\">W<\/a> <a href=\"#x\">X<\/a> <a href=\"#y\">Y<\/a> <a href=\"#z\">Z<\/a><\/span><\/p>\n<h3><span id=\"gts_text_4\" class=\"gts_text\"><a name=\"a\"><\/a>A<\/span><\/h3>\n<p><span id=\"gts_text_5\" class=\"gts_text\"><a href=\"\/African-Bush-Elephant.html\">Afrika Bush fil<\/a> &#8211; en a\u011f\u0131r arazi hayvan<\/span><br \/>\n<span id=\"gts_text_6\" class=\"gts_text\"><a href=\"\/American-Lobster.html\">Amerikan \u0131stakoz<\/a> &#8211; en a\u011f\u0131r eklem bacakl\u0131lar ve kabuklular<\/span><br \/>\n<span id=\"gts_text_7\" class=\"gts_text\">Anaconda &#8211; <a href=\"#g\">Ye\u015fil Anaconda<\/a>bkz.<\/span><br \/>\n<span id=\"gts_text_8\" class=\"gts_text\">Antarktika Squid &#8211; bak\u0131n <a href=\"#c\">Colossal Squid<\/a><\/span><br \/>\n<span id=\"gts_text_9\" class=\"gts_text\"><a title=\"Anthropornis\" href=\"http:\/\/www.big-animals.com\/anthropornis\/\" class=\" gts_attribute gts_attribute_1_title\"><em> Anthropornis<\/em><\/a> &#8211; en b\u00fcy\u00fck \u015fimdiye kadar penguen<\/span><br \/>\n<span id=\"gts_text_10\" class=\"gts_text\">Asya retik\u00fcle Python &#8211; bkz: <a href=\"#r\">Reticulated Python<\/a><\/span><br \/>\n<span id=\"gts_text_11\" class=\"gts_text\"><a href=\"\/Atlas-Moth.html\">Atlas Moth (Lost)<\/a> -b\u00fcy\u00fck g\u00fcve, en b\u00fcy\u00fck kanatl\u0131 b\u00f6cek<\/span><\/p>\n<p><span id=\"gts_text_12\" class=\"gts_text\">~~ <a href=\"#top\">Top<\/a> ~~<\/span><\/p>\n<h3><span id=\"gts_text_13\" class=\"gts_text\"><a name=\"b\"><\/a>B<\/span><\/h3>\n<p><span id=\"gts_text_14\" class=\"gts_text\"><a title=\"Beach Stone Curlew\" href=\"http:\/\/www.big-animals.com\/beach-stone-curlew\/\" class=\" gts_attribute gts_attribute_2_title\">Beach Stone curlew<\/a> &#8211; en a\u011f\u0131r olup (shorebird)<\/span><br \/>\n<span id=\"gts_text_15\" class=\"gts_text\">Thick-Knee plaj &#8211; <a href=\"#b\">Beach Stone curlew<\/a>bak\u0131n<\/span><br \/>\n<span id=\"gts_text_16\" class=\"gts_text\"><a title=\"The Blue Whale \u2013 The Biggest Animal There Ever Was!\" href=\"http:\/\/www.big-animals.com\/the-blue-whale-the-biggest-animal-there-ever-was\/\" class=\" gts_attribute gts_attribute_3_title\">Mavi balina<\/a> &#8211; en b\u00fcy\u00fck hayvan<\/span><\/p>\n<p><span id=\"gts_text_17\" class=\"gts_text\">~~ <a href=\"#top\">Top<\/a> ~~<\/span><\/p>\n<h3><span id=\"gts_text_18\" class=\"gts_text\"><a name=\"c\"><\/a>C<\/span><\/h3>\n<p><span id=\"gts_text_19\" class=\"gts_text\"><a title=\"Caecilian Thompsoni\" href=\"http:\/\/www.big-animals.com\/caecilian-thompsoni\/\" class=\" gts_attribute gts_attribute_4_title\"><em>Caecilian thompsoni<\/em><\/a> &#8211; d\u00fcnyan\u0131n en b\u00fcy\u00fck caecilian<\/span><br \/>\n<span id=\"gts_text_20\" class=\"gts_text\"><a title=\"Capybara\" href=\"http:\/\/www.big-animals.com\/capybara\/\" class=\" gts_attribute gts_attribute_5_title\">Kapibara<\/a> &#8211; d\u00fcnyan\u0131n en b\u00fcy\u00fck kemirgen<\/span><br \/>\n<span id=\"gts_text_21\" class=\"gts_text\">Catala&apos;n\u0131n denizy\u0131ld\u0131z\u0131 &#8211; en a\u011f\u0131r echinoderm ve denizy\u0131ld\u0131z\u0131<\/span><br \/>\n<span id=\"gts_text_22\" class=\"gts_text\"><a title=\"Chinese Giant Salamander\" href=\"http:\/\/www.big-animals.com\/chinese-giant-salamander\/\" class=\" gts_attribute gts_attribute_6_title\">\u00c7in dev semender<\/a> &#8211; d\u00fcnyan\u0131n en b\u00fcy\u00fck amfibi<a href=\"\/Coconut-Crab.html\"><\/a><\/span><br \/>\n<span id=\"gts_text_23\" class=\"gts_text\">Coconut Crab &#8211; b\u00fcy\u00fck arazi eklem bacakl\u0131lar ve kabuklular<\/span><br \/>\n<span id=\"gts_text_24\" class=\"gts_text\"><a title=\"Colossal Squid\" href=\"http:\/\/www.big-animals.com\/colossal-squid\/\" class=\" gts_attribute gts_attribute_7_title\">Colossal Squid<\/a> &#8211; b\u00fcy\u00fck yumu\u015fak\u00e7a, en b\u00fcy\u00fck omurgas\u0131zlar<\/span><br \/>\n<span id=\"gts_text_25\" class=\"gts_text\">Ortak Anaconda &#8211; <a href=\"#g\">Ye\u015fil Anaconda<\/a>bkz.<\/span><br \/>\n<span id=\"gts_text_26\" class=\"gts_text\"><a href=\"http:\/\/www.big-animals.com\/tuatara\/\">Cook Bo\u011faz\u0131 Tuatara<\/a> &#8211; b\u00fcy\u00fck tuatara<\/span><br \/>\n<span id=\"gts_text_27\" class=\"gts_text\"><a title=\"Crowned Pigeons\" href=\"http:\/\/www.big-animals.com\/crowned-pigeons\/\" class=\" gts_attribute gts_attribute_8_title\">Crowned Pigeon<\/a> &#8211; en b\u00fcy\u00fck a\u011fa\u00e7-ya\u015fam g\u00fcvercin<\/span><br \/>\n<span id=\"gts_text_28\" class=\"gts_text\"><a title=\"Cuban Giant Owl\" href=\"http:\/\/www.big-animals.com\/cuban-giant-owl\/\" class=\" gts_attribute gts_attribute_9_title\">K\u00fcba dev bayku\u015f<\/a> &#8211; b\u00fcy\u00fck bayku\u015fu hi\u00e7<\/span><\/p>\n<p><span id=\"gts_text_29\" class=\"gts_text\">~~ <a href=\"#top\">Top<\/a> ~~<\/span><\/p>\n<h3><span id=\"gts_text_30\" class=\"gts_text\"><a name=\"d\"><\/a>D<\/span><\/h3>\n<p><span id=\"gts_text_31\" class=\"gts_text\"><a style=\"font-style: italic;\" href=\"\/Diprotodon.html\">Diprotodon<\/a> &#8211; en b\u00fcy\u00fck \u015fimdiye kadar keseli memeli<\/span><br \/>\n<span id=\"gts_text_32\" class=\"gts_text\"><a title=\"Dodo\" href=\"http:\/\/www.big-animals.com\/dodo\/\" class=\" gts_attribute gts_attribute_10_title\">Dodo<\/a> &#8211; en b\u00fcy\u00fck \u015fimdiye kadar g\u00fcvercin<\/span><\/p>\n<p><span id=\"gts_text_33\" class=\"gts_text\">~~ <a href=\"#top\">Top<\/a> ~~<\/span><\/p>\n<h3><span id=\"gts_text_34\" class=\"gts_text\"><a name=\"e\"><\/a>E<\/span><\/h3>\n<p><span id=\"gts_text_35\" class=\"gts_text\"><a title=\"Elephant Bird\" href=\"http:\/\/www.big-animals.com\/elephant-bird-2\/\" class=\" gts_attribute gts_attribute_11_title\">Elephant Bird<\/a> &#8211; en a\u011f\u0131r hi\u00e7 ku\u015f<\/span><br \/>\n<span id=\"gts_text_36\" class=\"gts_text\"><a title=\"Emperor Penguin\" href=\"http:\/\/www.big-animals.com\/emperor-penguin\/\" class=\" gts_attribute gts_attribute_12_title\">Emperor Penguin<\/a> &#8211; b\u00fcy\u00fck penguen<\/span><br \/>\n<span id=\"gts_text_37\" class=\"gts_text\"><a title=\"Eurasian Eagle Owl\" href=\"http:\/\/www.big-animals.com\/eurasian-eagle-owl\/\" class=\" gts_attribute gts_attribute_13_title\">Baya\u011f\u0131 Eagle Owl<\/a> &#8211; b\u00fcy\u00fck bayku\u015fu<\/span><\/p>\n<p><span id=\"gts_text_38\" class=\"gts_text\">~~ <a href=\"#top\">Top<\/a> ~~<\/span><\/p>\n<h3><span id=\"gts_text_39\" class=\"gts_text\"><a name=\"f\"><\/a>F<\/span><\/h3>\n<p><span id=\"gts_text_40\" class=\"gts_text\"><a title=\"Far Eastern Curlew\" href=\"http:\/\/www.big-animals.com\/far-eastern-curlew\/\" class=\" gts_attribute gts_attribute_14_title\">far eastern Curlew<\/a> &#8211; b\u00fcy\u00fck olup (shorebird)<\/span><\/p>\n<p><span id=\"gts_text_41\" class=\"gts_text\">~~ <a href=\"#top\">Top<\/a> ~~<\/span><\/p>\n<h3><span id=\"gts_text_42\" class=\"gts_text\"><a name=\"g\"><\/a>G<\/span><\/h3>\n<p><span id=\"gts_text_43\" class=\"gts_text\"><a href=\"http:\/\/www.big-animals.com\/galapagos-tortoise\/\">Galapagos kaplumba\u011fas\u0131<\/a> veya dev Galapagos kaplumba\u011fas\u0131 &#8211; b\u00fcy\u00fck kaplumba\u011fa<\/span><br \/>\n<span id=\"gts_text_44\" class=\"gts_text\">Dev Cranch kalamar &#8211; bak\u0131n <a href=\"#c\">Colossal Squid<\/a><\/span><br \/>\n<span id=\"gts_text_45\" class=\"gts_text\">Dev Cursorial bayku\u015f &#8211; <a href=\"#c\">K\u00fcba dev bayku\u015f<\/a>g\u00f6rmek<\/span><br \/>\n<span id=\"gts_text_46\" class=\"gts_text\"><a title=\"Giant Golden-Crowned Flying Fox\" href=\"http:\/\/www.big-animals.com\/giant-golden-crowned-flying-fox\/\" class=\" gts_attribute gts_attribute_15_title\">Giant Golden-Crowned Flying Fox<\/a> &#8211; b\u00fcy\u00fck yarasa<\/span><br \/>\n<span id=\"gts_text_47\" class=\"gts_text\"><a href=\"\/Giant-Moa.html\">Dev Moa<\/a> &#8211; boyu hi\u00e7 ku\u015f<\/span><br \/>\n<span id=\"gts_text_48\" class=\"gts_text\">Dev kadife Worm &#8211; <a href=\"#u\">kadife solucan adland\u0131r\u0131lmam\u0131\u015f t\u00fcrler<\/a>bkz:<\/span><br \/>\n<span id=\"gts_text_49\" class=\"gts_text\"><em><a title=\"Gigantopithecus\" href=\"http:\/\/www.big-animals.com\/gigantopithecus\/\" class=\" gts_attribute gts_attribute_16_title\">Gigantopithecus<\/a><\/em> &#8211; en b\u00fcy\u00fck \u015fimdiye kadar primat<\/span><br \/>\n<span id=\"gts_text_50\" class=\"gts_text\"><a href=\"\/Giraffe.html\">Giraffe<\/a> &#8211; en uzun Kara hayvan<\/span><br \/>\n<span id=\"gts_text_51\" class=\"gts_text\">Meyve yarasas\u0131 &#8211; Alt\u0131n Kep <a href=\"#g\">Giant Golden-Crowned Flying Fox<\/a>bak\u0131n<\/span><br \/>\n<span id=\"gts_text_52\" class=\"gts_text\"><a href=\"\/Goliath-Beetle.html\">Goliath Beetle<\/a> &#8211; en a\u011f\u0131r b\u00f6cek<\/span><br \/>\n<span id=\"gts_text_53\" class=\"gts_text\"><a href=\"\/Goliath-Bird-Eating-Spider.html\">Goliath Bird-Eating Spider<\/a> &#8211; b\u00fcy\u00fck \u00f6r\u00fcmcek<\/span><br \/>\n<span id=\"gts_text_54\" class=\"gts_text\"><a href=\"http:\/\/www.big-animals.com\/goliath-frog\/\">Goliath Frog<\/a> &#8211; b\u00fcy\u00fck kurba\u011fa<\/span><br \/>\n<span id=\"gts_text_55\" class=\"gts_text\"><a title=\"Greater Flamingo\" href=\"http:\/\/www.big-animals.com\/greater-flamingo\/\" class=\" gts_attribute gts_attribute_17_title\">Greater Flamingo<\/a> &#8211; en b\u00fcy\u00fck flamingo<\/span><br \/>\n<span id=\"gts_text_56\" class=\"gts_text\"><a href=\"http:\/\/www.big-animals.com\/green-anaconda\/\">Ye\u015fil Anaconda<\/a> &#8211; en a\u011f\u0131r y\u0131lan<\/span><br \/>\n<span id=\"gts_text_57\" class=\"gts_text\"><a title=\"Green Peafowl\" href=\"http:\/\/www.big-animals.com\/green-peafowl\/\" class=\" gts_attribute gts_attribute_18_title\">Ye\u015fil Tavusku\u015fu<\/a> &#8211; galliforme en b\u00fcy\u00fck a\u00e7\u0131kl\u0131\u011f\u0131 ile<\/span><\/p>\n<p><span id=\"gts_text_58\" class=\"gts_text\">~~ <a href=\"#top\">Top<\/a> ~~<\/span><\/p>\n<h3><span id=\"gts_text_59\" class=\"gts_text\"><a name=\"h\"><\/a>H<\/span><\/h3>\n<p><span id=\"gts_text_60\" class=\"gts_text\"><a title=\"Hippopotamus\" href=\"http:\/\/www.big-animals.com\/hippopotamus\/\" class=\" gts_attribute gts_attribute_19_title\">Su ayg\u0131r\u0131<\/a> &#8211; en a\u011f\u0131r hatta parmakl\u0131 Toynakl\u0131<\/span><br \/>\n<span id=\"gts_text_61\" class=\"gts_text\"><a title=\"Hyacinth Macaw\" href=\"http:\/\/www.big-animals.com\/hyacinth-macaw\/\" class=\" gts_attribute gts_attribute_20_title\">S\u00fcmb\u00fcl Macaw<\/a> &#8211; en uzun papa\u011fan, en b\u00fcy\u00fck u\u00e7an papa\u011fan<\/span><\/p>\n<p><span id=\"gts_text_62\" class=\"gts_text\">~~ <a href=\"#top\">Top<\/a> ~~<\/span><\/p>\n<h3><span id=\"gts_text_63\" class=\"gts_text\"><a name=\"i\"><\/a>BEN<\/span><\/h3>\n<p><span id=\"gts_text_64\" class=\"gts_text\">~~ <a href=\"#top\">Top<\/a> ~~<\/span><\/p>\n<h3><span id=\"gts_text_65\" class=\"gts_text\"><a name=\"j\"><\/a>J<\/span><\/h3>\n<p><span id=\"gts_text_66\" class=\"gts_text\"><a href=\"\/Japanese-Spider-Crab.html\">Japon Spider Yenge\u00e7<\/a> &#8211; b\u00fcy\u00fck eklem bacakl\u0131lar ve kabuklular<\/span><br \/>\n<span id=\"gts_text_67\" class=\"gts_text\"><a title=\"Josephoartigasia Monesi\" href=\"http:\/\/www.big-animals.com\/josephoartigasia-monesi\/\" class=\" gts_attribute gts_attribute_21_title\"><em>josephoartigasia monesi<\/em><\/a> &#8211; en b\u00fcy\u00fck \u015fimdiye kadar kemirgen<\/span><\/p>\n<p><span id=\"gts_text_68\" class=\"gts_text\">~~ <a href=\"#top\">Top<\/a> ~~<\/span><\/p>\n<h3><span id=\"gts_text_69\" class=\"gts_text\"><a name=\"k\"><\/a>K<\/span><\/h3>\n<p><span id=\"gts_text_70\" class=\"gts_text\"><a title=\"Kakapo\" href=\"http:\/\/www.big-animals.com\/kakapo\/\" class=\" gts_attribute gts_attribute_22_title\">Kakapo<\/a> &#8211; en a\u011f\u0131r papa\u011fan<\/span><br \/>\n<span id=\"gts_text_71\" class=\"gts_text\"><a title=\"The King Cobra\" href=\"http:\/\/www.big-animals.com\/the-king-cobra\/\" class=\" gts_attribute gts_attribute_23_title\">King Cobra<\/a> &#8211; en b\u00fcy\u00fck zehirli y\u0131lan<\/span><br \/>\n<span id=\"gts_text_72\" class=\"gts_text\"><a title=\"Komodo Dragon\" href=\"http:\/\/www.big-animals.com\/komodo-dragon\/\" class=\" gts_attribute gts_attribute_24_title\">Komodo Dragon<\/a> &#8211; b\u00fcy\u00fck kertenkele<\/span><br \/>\n<span id=\"gts_text_73\" class=\"gts_text\">Kori Toygiller &#8211; a\u011f\u0131r u\u00e7an ku\u015f<\/span><\/p>\n<p><span id=\"gts_text_74\" class=\"gts_text\">~~ <a href=\"#top\">Top<\/a> ~~<\/span><\/p>\n<h3><span id=\"gts_text_75\" class=\"gts_text\"><a name=\"l\"><\/a>L<\/span><\/h3>\n<p><span id=\"gts_text_76\" class=\"gts_text\"><a href=\"http:\/\/www.big-animals.com\/leatherback-sea-turtle\/\">Deri s\u0131rtl\u0131 deniz deniz kaplumba\u011fas\u0131<\/a> &#8211; b\u00fcy\u00fck kaplumba\u011fa<\/span><br \/>\n<span id=\"gts_text_77\" class=\"gts_text\"><a style=\"font-style: italic;\" href=\"\/Leedsichthys.html\">Leedsichthys<\/a> &#8211; en b\u00fcy\u00fck \u015fimdiye kadar bal\u0131k<\/span><br \/>\n<span id=\"gts_text_78\" class=\"gts_text\"><a href=\"\/Wetapunga.html\">K\u00fc\u00e7\u00fck Barrier Island dev Weta<\/a> &#8211; yeti\u015fkin en b\u00fcy\u00fck b\u00f6cek<\/span><\/p>\n<p><span id=\"gts_text_79\" class=\"gts_text\">~~ <a href=\"#top\">Top<\/a> ~~<\/span><\/p>\n<h3><span id=\"gts_text_80\" class=\"gts_text\"><a name=\"m\"><\/a>M<\/span><\/h3>\n<p><span id=\"gts_text_81\" class=\"gts_text\"><a title=\"Marquesan Imperial Pigeon\" href=\"http:\/\/www.big-animals.com\/marquesan-imperial-pigeon\/\" class=\" gts_attribute gts_attribute_25_title\">Marquesan Imperial Pigeon<\/a> &#8211; b\u00fcy\u00fck g\u00fcvercin<\/span><br \/>\n<span id=\"gts_text_82\" class=\"gts_text\"><a title=\"Megalania\" href=\"http:\/\/www.big-animals.com\/megalania\/\" class=\" gts_attribute gts_attribute_26_title\">Megalania<\/a> &#8211; en b\u00fcy\u00fck \u015fimdiye kadar arazi kertenkele<\/span><br \/>\n<a href=\"\/Megalodon-Shark.html\"><em><span><span id=\"gts_text_83\" class=\"gts_text\">Megalodon<\/span><\/span><span id=\"gts_text_84\" class=\"gts_text\"><\/span><\/em> Shark<\/a> &#8211; biggest ever shark<br \/>\n<span id=\"gts_text_85\" class=\"gts_text\"><a style=\"font-style: italic;\" href=\"\/Midgardia-Xandaros.html\">midgardia xandaros<\/a> &#8211; b\u00fcy\u00fck denizy\u0131ld\u0131z\u0131 ve echinoderm (en uzun kollar, de\u011fil a\u011f\u0131r)<\/span><br \/>\n<span id=\"gts_text_86\" class=\"gts_text\"><a title=\"Mountain Gorilla\" href=\"http:\/\/www.big-animals.com\/mountain-gorilla\/\" class=\" gts_attribute gts_attribute_27_title\">Da\u011f goril<\/a> &#8211; b\u00fcy\u00fck primat<\/span><\/p>\n<p><span id=\"gts_text_87\" class=\"gts_text\">~~ <a href=\"#top\">Top<\/a> ~~<\/span><\/p>\n<h3><span id=\"gts_text_88\" class=\"gts_text\"><a name=\"n\"><\/a>N<\/span><\/h3>\n<p><span id=\"gts_text_89\" class=\"gts_text\"><a title=\"North American Wild Turkey\" href=\"http:\/\/www.big-animals.com\/north-american-wild-turkey\/\" class=\" gts_attribute gts_attribute_28_title\">North American Wild Turkey<\/a> &#8211; b\u00fcy\u00fck galliforme<\/span><\/p>\n<p><span id=\"gts_text_90\" class=\"gts_text\">~~ <a href=\"#top\">Top<\/a> ~~<\/span><\/p>\n<h3><span id=\"gts_text_91\" class=\"gts_text\"><a name=\"o\"><\/a>O<\/span><\/h3>\n<p><span id=\"gts_text_92\" class=\"gts_text\"><a href=\"\/Ostrich.html\">Deveku\u015fu<\/a> &#8211; en b\u00fcy\u00fck ku\u015f<\/span><br \/>\n<span id=\"gts_text_93\" class=\"gts_text\">Bayku\u015f papa\u011fan &#8211; <a href=\"#k\">Kakapo<\/a>bkz.<\/span><\/p>\n<p><span id=\"gts_text_94\" class=\"gts_text\">~~ <a href=\"#top\">Top<\/a> ~~<\/span><\/p>\n<h3><span id=\"gts_text_95\" class=\"gts_text\"><a name=\"p\"><\/a>P<\/span><\/h3>\n<p><span id=\"gts_text_96\" class=\"gts_text\"><a title=\"Polar Bear\" href=\"http:\/\/www.big-animals.com\/polar-bear\/\" class=\" gts_attribute gts_attribute_29_title\">Polar Bear<\/a> &#8211; b\u00fcy\u00fck arazi Carnivoran<\/span><\/p>\n<p><span id=\"gts_text_97\" class=\"gts_text\">~~ <a href=\"#top\">Top<\/a> ~~<\/span><\/p>\n<h3><span id=\"gts_text_98\" class=\"gts_text\"><a name=\"q\"><\/a>Q<\/span><\/h3>\n<p><span id=\"gts_text_99\" class=\"gts_text\">~~ <a href=\"#top\">Top<\/a> ~~<\/span><\/p>\n<h3><span id=\"gts_text_100\" class=\"gts_text\"><a name=\"r\"><\/a>R<\/span><\/h3>\n<p><span id=\"gts_text_101\" class=\"gts_text\"><a href=\"\/Red-Kangaroo.html\">K\u0131z\u0131l Kanguru<\/a> &#8211; b\u00fcy\u00fck keseli memeli<\/span><br \/>\n<span id=\"gts_text_102\" class=\"gts_text\"><a href=\"http:\/\/www.big-animals.com\/the-reticulated-python\/\">Reticulated Python<\/a> &#8211; en uzun y\u0131lan<\/span><br \/>\n<span id=\"gts_text_103\" class=\"gts_text\">H\u0131rs\u0131z Yenge\u00e7 &#8211; <a href=\"#c\">Coconut Crab<\/a>bak\u0131n.<\/span><\/p>\n<p><span id=\"gts_text_104\" class=\"gts_text\">~~ <a href=\"#top\">Top<\/a> ~~<\/span><\/p>\n<h3><span id=\"gts_text_105\" class=\"gts_text\"><a name=\"s\"><\/a>S<\/span><\/h3>\n<p><span id=\"gts_text_106\" class=\"gts_text\"><a href=\"http:\/\/www.big-animals.com\/the-saltwater-crocodile-the-words-biggest-reptile\/\">Tuzlu su timsah\u0131<\/a> &#8211; b\u00fcy\u00fck s\u00fcr\u00fcngen<\/span><br \/>\n<span id=\"gts_text_107\" class=\"gts_text\"><a title=\"Southern Elephant Seal\" href=\"http:\/\/www.big-animals.com\/southern-elephant-seal\/\" class=\" gts_attribute gts_attribute_30_title\">G\u00fcney fili<\/a> &#8211; b\u00fcy\u00fck carnivoran<\/span><br \/>\n<span id=\"gts_text_108\" class=\"gts_text\">Gergedan &#8211; kare dudakl\u0131 bkz: <a href=\"#w\">Beyaz gergedan<\/a><\/span><\/p>\n<p><span id=\"gts_text_109\" class=\"gts_text\">~~ <a href=\"#top\">Top<\/a> ~~<\/span><\/p>\n<h3><span id=\"gts_text_110\" class=\"gts_text\"><a name=\"t\"><\/a>T<\/span><\/h3>\n<p><span id=\"gts_text_111\" class=\"gts_text\">Thompson&apos;\u0131n Caecilian &#8211; <a href=\"#c\"><em>Caecilian thompsoni<\/em>bak\u0131n<\/a><\/span><br \/>\n<span id=\"gts_text_112\" class=\"gts_text\"><a href=\"..\/titanoboa-the-biggest-ever-snake\/\">Titanoboa<\/a> &#8211; en b\u00fcy\u00fck \u015fimdiye kadar y\u0131lan<\/span><br \/>\n<span id=\"gts_text_113\" class=\"gts_text\"><a style=\"font-style: italic;\" href=\"\/Trichoplax.html\">Placozoa Adhaerens<\/a> &#8211; b\u00fcy\u00fck (ve tek) Placozoan<\/span><br \/>\n<span id=\"gts_text_114\" class=\"gts_text\"><a title=\"Trumpeter Swan\" href=\"http:\/\/www.big-animals.com\/trumpeter-swan\/\" class=\" gts_attribute gts_attribute_31_title\">Trumpeter Swan<\/a> &#8211; en b\u00fcy\u00fck ku\u015flar\u0131<\/span><br \/>\n<span id=\"gts_text_115\" class=\"gts_text\"><a title=\"Tylosaurus\" href=\"http:\/\/www.big-animals.com\/tylosaurus\/\" class=\" gts_attribute gts_attribute_32_title\">Tylosaurus<\/a> &#8211; en b\u00fcy\u00fck \u015fimdiye kadar kertenkele, en b\u00fcy\u00fck \u015fimdiye kadar deniz s\u00fcr\u00fcngen<\/span><\/p>\n<p><span id=\"gts_text_116\" class=\"gts_text\">~~ <a href=\"#top\">Top<\/a> ~~<\/span><\/p>\n<h3><span id=\"gts_text_117\" class=\"gts_text\"><a name=\"u\"><\/a>U<\/span><\/h3>\n<p><span id=\"gts_text_118\" class=\"gts_text\"><a href=\"\/Giant-Velvet-Worm.html\">\u0130simsiz kadife solucan t\u00fcrleri<\/a> &#8211; b\u00fcy\u00fck kadife solucan<\/span><\/p>\n<p><span id=\"gts_text_119\" class=\"gts_text\">~~ <a href=\"#top\">Top<\/a> ~~<\/span><\/p>\n<h3><span id=\"gts_text_120\" class=\"gts_text\"><a name=\"v\"><\/a>V<\/span><\/h3>\n<p><span id=\"gts_text_121\" class=\"gts_text\">~~ <a href=\"#top\">Top<\/a> ~~<\/span><\/p>\n<h3><span id=\"gts_text_122\" class=\"gts_text\"><a name=\"w\"><\/a>W<\/span><\/h3>\n<p><span id=\"gts_text_123\" class=\"gts_text\"><a href=\"\/Wandering-Albatross.html\">Wandering Albatros<\/a> en b\u00fcy\u00fck u\u00e7an ku\u015f-<\/span><br \/>\n<span id=\"gts_text_124\" class=\"gts_text\">Boa su &#8211; <a href=\"#g\">Ye\u015fil Anaconda<\/a>bkz.<\/span><br \/>\n<span id=\"gts_text_125\" class=\"gts_text\"><a title=\"Western Long Beaked Echidna\" href=\"http:\/\/www.big-animals.com\/western-long-beaked-echidna\/\" class=\" gts_attribute gts_attribute_33_title\">Western uzun Gaga a\u011f\u0131zl\u0131 dikenli kar\u0131ncayiyengiller<\/a> &#8211; b\u00fcy\u00fck deliklilerin<\/span><br \/>\n<span id=\"gts_text_126\" class=\"gts_text\">Wetapunga &#8211; <a href=\"#l\">K\u00fc\u00e7\u00fck Barrier Island dev Weta<\/a>bak\u0131n<\/span><br \/>\n<span id=\"gts_text_127\" class=\"gts_text\"><a href=\"\/Whale-Shark.html\">Balina k\u00f6pekbal\u0131\u011f\u0131<\/a> &#8211; en b\u00fcy\u00fck bal\u0131k<\/span><br \/>\n<span id=\"gts_text_128\" class=\"gts_text\"><a title=\"White Rhinoceros\" href=\"http:\/\/www.big-animals.com\/white-rhinoceros\/\" class=\" gts_attribute gts_attribute_34_title\">Beyaz gergedan\u0131<\/a> &#8211; en b\u00fcy\u00fck ungulate, d\u00f6rd\u00fcnc\u00fc b\u00fcy\u00fck arazi tek parmakl\u0131 hayvan<\/span><\/p>\n<p><span id=\"gts_text_129\" class=\"gts_text\">~~ <a href=\"#top\">Top<\/a> ~~<\/span><\/p>\n<h3><span id=\"gts_text_130\" class=\"gts_text\"><a name=\"x\"><\/a>X<\/span><\/h3>\n<p><span id=\"gts_text_131\" class=\"gts_text\">~~ <a href=\"#top\">Top<\/a> ~~<\/span><\/p>\n<h3><span id=\"gts_text_132\" class=\"gts_text\"><a name=\"y\"><\/a>Y<\/span><\/h3>\n<p><span id=\"gts_text_133\" class=\"gts_text\">~~ <a href=\"#top\">Top<\/a> ~~<\/span><\/p>\n<h3><span id=\"gts_text_134\" class=\"gts_text\"><a name=\"z\"><\/a>Z<\/span><\/h3>\n<p><span id=\"gts_text_135\" class=\"gts_text\">~~ <a href=\"#top\">Top<\/a> ~~<\/span><\/body><\/html><\/p>\n","protected":false},"excerpt":{"rendered":"<p><html><head><\/head><body><\/body><\/html><\/p>\n","protected":false},"author":1,"featured_media":0,"parent":0,"menu_order":0,"comment_status":"closed","ping_status":"open","template":"","meta":{"_acf_changed":false,"footnotes":""},"acf":[],"_links":{"self":[{"href":"https:\/\/www.big-animals.com\/tr\/wp-json\/wp\/v2\/pages\/3"}],"collection":[{"href":"https:\/\/www.big-animals.com\/tr\/wp-json\/wp\/v2\/pages"}],"about":[{"href":"https:\/\/www.big-animals.com\/tr\/wp-json\/wp\/v2\/types\/page"}],"author":[{"embeddable":true,"href":"https:\/\/www.big-animals.com\/tr\/wp-json\/wp\/v2\/users\/1"}],"replies":[{"embeddable":true,"href":"https:\/\/www.big-animals.com\/tr\/wp-json\/wp\/v2\/comments?post=3"}],"version-history":[{"count":0,"href":"https:\/\/www.big-animals.com\/tr\/wp-json\/wp\/v2\/pages\/3\/revisions"}],"wp:attachment":[{"href":"https:\/\/www.big-animals.com\/tr\/wp-json\/wp\/v2\/media?parent=3"}],"curies":[{"name":"wp","href":"https:\/\/api.w.org\/{rel}","templated":true}]}}