{"id":30,"date":"2011-05-09T09:21:44","date_gmt":"2011-05-09T09:21:44","guid":{"rendered":""},"modified":"2011-05-09T09:21:44","modified_gmt":"2011-05-09T09:21:44","slug":"kapibara","status":"publish","type":"page","link":"https:\/\/www.big-animals.com\/tr\/kapibara\/","title":{"rendered":"Kapibara"},"content":{"rendered":"<p><span id=\"gts_text_1\" class=\"gts_text\">Kapibara d\u00fcnyan\u0131n en b\u00fcy\u00fck ya\u015fam <a title=\"Rodents\" href=\"http:\/\/www.big-animals.com\/rodents\/\">kemirgen<\/a> oldu\u011funu. <\/span><span id=\"gts_text_2\" class=\"gts_text\">En guninea domuzlar, agoutis, chinchillas ve coyphillas benzer. <\/span><span id=\"gts_text_3\" class=\"gts_text\">Uzun Ayakl\u0131 dev bir kobay gibi g\u00f6r\u00fcn\u00fcyor. <\/span><span id=\"gts_text_4\" class=\"gts_text\">Bu a\u011f\u0131r bir varil \u015feklindeki g\u00f6vde ve k\u0131sa bir kafas\u0131 vard\u0131r. <\/span><span id=\"gts_text_5\" class=\"gts_text\">Kirmizi-kahverengi, k\u00fcrk \u00fcst\u00fcnde onlar\u0131n beden ve sar\u0131ms\u0131 kahverengi g\u00f6vde alt\u0131nda \u00fcst k\u0131sm\u0131. <\/span><span id=\"gts_text_6\" class=\"gts_text\">Bazen kaliteli deri e\u015fyalar i\u00e7in kullan\u0131laca\u011f\u0131n\u0131 sert cilt vard\u0131r.<\/span><\/p>\n<figure id=\"attachment_715\" aria-describedby=\"caption-attachment-715\" style=\"width: 300px\" class=\"wp-caption alignleft\"><a href=\"http:\/\/www.big-animals.com\/wp-content\/uploads\/2011\/03\/Capybara.jpg\"><img loading=\"lazy\" decoding=\"async\" class=\"size-medium wp-image-715\" title=\"The Capybara is the World's Biggest Rodent - Photograph by Vojt\u011bch H\u00e1la\" src=\"http:\/\/www.big-animals.com\/wp-content\/uploads\/2011\/03\/Capybara-300x223.jpg\" alt=\"The Capybara is the World's Biggest Rodent - Photograph by Vojt\u011bch H\u00e1la\" width=\"300\" height=\"223\" \/><\/a><figcaption id=\"caption-attachment-715\" class=\"wp-caption-text\">The Capybara is the World&#038;#39;s Biggest Rodent - Photograph by Vojt\u011bch H\u00e1la<\/figcaption><\/figure>\n<p><span id=\"gts_text_7\" class=\"gts_text\">Yeti\u015fkin capybaras 130 santimetre kadar (4&#8217;3 &#8220;) uzunlu\u011fu b\u00fcy\u00fcmeye olabilir ve en fazla 65 kilogram (140 lb) a\u011f\u0131rl\u0131\u011f\u0131nda, yakla\u015f\u0131k 50 cm (20 in\u00e7) omuz y\u00fcksek. <\/span><span id=\"gts_text_8\" class=\"gts_text\">A\u011f\u0131r Kapibara 105.4 kg (232.4 lb) oldu. <\/span><span id=\"gts_text_9\" class=\"gts_text\">Onlar biraz perdeli ayak ve hi\u00e7bir kuyruk. <\/span><span id=\"gts_text_10\" class=\"gts_text\">\u00c7elmiyordu ayaklar\u0131 ger\u00e7ekten harika y\u00fcz\u00fcc\u00fcler i\u00e7in Yard\u0131m. <\/span><span id=\"gts_text_11\" class=\"gts_text\">Bunlar\u0131n \u00e7o\u011fu karada faaliyetleri y\u00fcr\u00fctmek. <\/span><span id=\"gts_text_12\" class=\"gts_text\">Onlar 5 dakika kadar sualt\u0131nda nefes alabilir. <\/span><span id=\"gts_text_13\" class=\"gts_text\">Bu nedenle, onlar a\u015fa\u011f\u0131 bir havuza \u0131slanma taraf\u0131ndan d\u00fc\u015fmanlar\u0131 gizleyebilirsiniz. <\/span><span id=\"gts_text_14\" class=\"gts_text\">S\u0131cak g\u00fcnlerinde, onlar zaman harcamak suda oynarken. <\/span><span id=\"gts_text_15\" class=\"gts_text\">Onlar erken ak\u015fam ge\u00e7 \u00f6\u011fleden sonra ve ak\u015fam saatlerinde yiyeceklerdir. <\/span><span id=\"gts_text_16\" class=\"gts_text\">Onlar fazla uyumay\u0131n.<\/span><\/p>\n<p><span id=\"gts_text_17\" class=\"gts_text\">Onlar\u0131n arka bacaklar onlar\u0131n \u00f6n bacaklar biraz daha uzun. <\/span><span id=\"gts_text_18\" class=\"gts_text\">Onlar\u0131n A\u011f\u0131zl\u0131klar k\u00f6r. <\/span><span id=\"gts_text_19\" class=\"gts_text\">B\u00f6ylece onlar kolayca su ne zaman Y\u00fczme tutulabilir ba\u015f \u00fcst\u00fcne, g\u00f6zler, burun delikleri ve kulaklar\u0131 vard\u0131r.<\/span><\/p>\n<figure id=\"attachment_716\" aria-describedby=\"caption-attachment-716\" style=\"width: 274px\" class=\"wp-caption aligncenter\"><a href=\"http:\/\/www.big-animals.com\/wp-content\/uploads\/2011\/03\/Capibara_and_Human.png\"><img loading=\"lazy\" decoding=\"async\" class=\"size-medium wp-image-716\" title=\"Capibaras are friendly animals\" src=\"http:\/\/www.big-animals.com\/wp-content\/uploads\/2011\/03\/Capibara_and_Human-274x300.png\" alt=\"Capibaras are friendly animals\" width=\"274\" height=\"300\" \/><\/a><figcaption id=\"caption-attachment-716\" class=\"wp-caption-text\">Capibaras are friendly animals<\/figcaption><\/figure>\n<p><span id=\"gts_text_20\" class=\"gts_text\">Kad\u0131n capybaras biraz erkeklerden daha a\u011f\u0131r. <\/span><span id=\"gts_text_21\" class=\"gts_text\">Di\u015filer aras\u0131nda 36 to 65 kilogram (80-145 lb) ve erkek yakla\u015f\u0131k 34 to 62 kilogram (75-135 lb). <\/span><span id=\"gts_text_22\" class=\"gts_text\">% 40 Bug\u00fcn hayatta olanlardan daha b\u00fcy\u00fck olan soyu t\u00fckenmi\u015f capybaras vard\u0131r. <\/span><span id=\"gts_text_23\" class=\"gts_text\">Kuzey Amerika&#8217;da bulundu ve 90-110 kilogram (200-250 lb) a\u011f\u0131rl\u0131\u011f\u0131nda.<\/span><\/p>\n<p><span id=\"gts_text_24\" class=\"gts_text\">Capybaras hem memeliler vard\u0131r. <\/span><span id=\"gts_text_25\" class=\"gts_text\">Onlar Columbia, Ekvador, Bolivya, Venezuela, Frans\u0131z Guyana, Uruguay, Peru ve Paraguay vah\u015fi bulunur. <\/span><span id=\"gts_text_26\" class=\"gts_text\">Kal\u0131n orman yak\u0131n\u0131nda g\u00f6ller, nehirler, batakl\u0131k, g\u00f6letler, batakl\u0131klar, sular alt\u0131nda savannahs ve tropikal ormanlarda nehirler boyunca ya\u015famak.<\/span><\/p>\n<p><span id=\"gts_text_27\" class=\"gts_text\">Capybaras bitki yiyiciler vard\u0131r. <\/span><span id=\"gts_text_28\" class=\"gts_text\">Yedikleri genellikle \u00e7imen, sucul bitkiler, meyve ve a\u011fac\u0131 barka. <\/span><span id=\"gts_text_29\" class=\"gts_text\">Bir yeti\u015fkin Kapibara \u00e7im g\u00fcnde 2.7-3.6 kilogram (6-8 lb) yiyeceklerdir. <\/span><span id=\"gts_text_30\" class=\"gts_text\">Capybaras \u00e7ok tela\u015fl\u0131 yiyiciler vard\u0131r. <\/span><span id=\"gts_text_31\" class=\"gts_text\">Onlar\u0131n odak sadece 4-6 \u00e7e\u015fit bitki &#8211; ve bunlar d\u00f6rtte \u00fc\u00e7\u00fc kadar onun diyet yapmak. <\/span><span id=\"gts_text_32\" class=\"gts_text\">Bunlar belirli yapraklar \u00e7ekme ve yapraklar\u0131ndan \u00e7evresinde a\u011fa\u00e7 ba\u015fka t\u00fcr yoksay. <\/span><span id=\"gts_text_33\" class=\"gts_text\">Ama Capybaras daha az tesisleri mevcut o esnada ve tela\u015fl\u0131 olmay\u0131 g\u00f6ze alamaz \u00e7\u00fcnk\u00fc b\u00fcy\u00fck \u00e7e\u015fitli bitkilerin kuru sezonunda yemek. <\/span><span id=\"gts_text_34\" class=\"gts_text\">Reeds \u00e7im yerine kuru sezonunda yedikleri. <\/span><span id=\"gts_text_35\" class=\"gts_text\">\u00c7im sindirimi zor oldu\u011fundan, bu y\u00fczden iki kez sindirmek olsun, kendi poo yedikleri. <\/span><span id=\"gts_text_36\" class=\"gts_text\">Ayr\u0131ca yedikleri \u00e7im sindirmek i\u00e7in yard\u0131mc\u0131 olan \u00f6zel bakteriler var. <\/span><span id=\"gts_text_37\" class=\"gts_text\">Onlar da \u00fczerine tekrar bir inek gibi \u00e7i\u011fnemek onlar\u0131n yiyecek d\u0131\u015f\u0131nda kusma.<\/span><\/p>\n<p><span id=\"gts_text_38\" class=\"gts_text\">Onlar \u00e7ok \u015fansl\u0131 iseniz, vah\u015fi 8 ila 10 y\u0131l aras\u0131nda ya\u015fayabilir. <\/span><span id=\"gts_text_39\" class=\"gts_text\">Ortalama olarak, ancak, sadece 4 y\u0131ldan az \u00e7\u00fcnk\u00fc ya\u015fad\u0131klar\u0131 onlar favourite food bills, <a title=\"Green Anaconda\" href=\"http:\/\/www.big-animals.com\/green-anaconda\/\">Anaconda<\/a>, Pumas UNAM, kartallar, ocelots ve caimans gibi bir\u00e7ok orman hayvanlar\u0131.<\/span><\/p>\n<figure id=\"attachment_717\" aria-describedby=\"caption-attachment-717\" style=\"width: 300px\" class=\"wp-caption alignright\"><a href=\"http:\/\/www.big-animals.com\/wp-content\/uploads\/2011\/03\/Capybara_Mother_And_Babies.jpg\"><img loading=\"lazy\" decoding=\"async\" class=\"size-medium wp-image-717\" title=\"All the mothers in the group help care for capybara babies - picture by &#038;quot;Bradypus&#038;quot;\" src=\"http:\/\/www.big-animals.com\/wp-content\/uploads\/2011\/03\/Capybara_Mother_And_Babies-300x145.jpg\" alt=\"All the mothers in the group help care for capybara babies - picture by &#038;quot;Bradypus&#038;quot;\" width=\"300\" height=\"145\" \/><\/a><figcaption id=\"caption-attachment-717\" class=\"wp-caption-text\">All the mothers in the group help care for capybara babies - picture by &#038;quot;Bradypus&#038;quot;<\/figcaption><\/figure>\n<p><span id=\"gts_text_40\" class=\"gts_text\">Capybaras gruplard\u0131r winds around 2 Eri\u015fkin erkeklerin, 4-7 yeti\u015fkin kad\u0131n ve bir s\u00fcr\u00fc gen\u00e7 olanlar ile ya\u015famak istiyor. <\/span><span id=\"gts_text_41\" class=\"gts_text\">Grup mevsime g\u00f6re de\u011fi\u015ftirir. <\/span><span id=\"gts_text_42\" class=\"gts_text\">Kuru sezonunda daha az su varken, orada k\u00fc\u00e7\u00fck su yak\u0131n\u0131nda b\u00fcy\u00fck gruplar olu\u015ftururlar. <\/span><span id=\"gts_text_43\" class=\"gts_text\">Grup, 50-100 birey olarak b\u00fcy\u00fck olabilir. <\/span><span id=\"gts_text_44\" class=\"gts_text\">Grup, bir bask\u0131n erkek taraf\u0131ndan denetlenir.\u00a0Capybaras \u00e7ok vokal. <\/span><span id=\"gts_text_45\" class=\"gts_text\">Onlar da tehdit barking dog gibi sesler yapacakt\u0131r.<\/span><\/p>\n<p><span id=\"gts_text_46\" class=\"gts_text\">22 Ay i\u00e7erisinde Cabybaras b\u00fcy\u00fcmek. <\/span><span id=\"gts_text_47\" class=\"gts_text\">Anne capybaras 2 8 bebekler bir Do\u011fum Do\u011fum. <\/span><span id=\"gts_text_48\" class=\"gts_text\">Onlar karada do\u011fum vermek. <\/span><span id=\"gts_text_49\" class=\"gts_text\">Do\u011fuyor sonra bir hafta i\u00e7inde Bebekler ot yemek m\u00fcmk\u00fcn ama yine de anneleri ya da di\u011fer kad\u0131n grubunda yakla\u015f\u0131k 16 hafta boyunca s\u00fct i\u00e7meye devam edecektir. <\/span><span id=\"gts_text_50\" class=\"gts_text\">Gruptaki t\u00fcm kad\u0131n bak\u0131m\u0131, bebekler i\u00e7in yard\u0131mc\u0131 olur.<\/span><\/p>\n<p><span id=\"gts_text_51\" class=\"gts_text\">Capybaras 20 di\u015flere sahip. <\/span><span id=\"gts_text_52\" class=\"gts_text\">Onlar\u0131n \u00f6n di\u015fler ve di\u015f yanak s\u00fcrekli b\u00fcy\u00fcr. <\/span><span id=\"gts_text_53\" class=\"gts_text\">Ne zaman onlar are tam olarak yeti\u015ftirilen, \u00e7\u00fcnk\u00fc sa\u00e7lar\u0131n\u0131 \u00e7ok kaba ve ince yay\u0131ld\u0131 olur bir Kapibara bazen g\u00fcne\u015f yan\u0131\u011f\u0131 ya\u015fayacakt\u0131r. <\/span><span id=\"gts_text_54\" class=\"gts_text\">Sunburnt \u00f6nlemek i\u00e7in Kapibara kendi cilt t\u00fcm kapal\u0131 kadar \u00e7amur i\u00e7inde rulo gerekecektir. <\/span><span id=\"gts_text_55\" class=\"gts_text\">G\u00fcne\u015f gibi de\u011fil.<\/span><\/p>\n<p><span id=\"gts_text_56\" class=\"gts_text\">Tehlikedeki t\u00fcrler say\u0131lmaz. <\/span><span id=\"gts_text_57\" class=\"gts_text\">Bunlar kendi et ve baz\u0131 yerlerde k\u00fcrk i\u00e7in avlanan ve \u00c7imlerin insanlar\u0131 kendi hayvan yemek istedi\u011finiz yeme ba\u015flatt\u0131klar\u0131nda insanlar taraf\u0131ndan \u00f6ld\u00fcr\u00fcld\u00fc. <\/span><span id=\"gts_text_58\" class=\"gts_text\">Sulak alan sa\u011flayan, onlar \u00e7iftlik, baz\u0131 b\u00f6lgelerde ya\u015fad\u0131klar\u0131 habitatlar\u0131 korunur. <\/span><span id=\"gts_text_59\" class=\"gts_text\">B\u00fct\u00fcn bunlar h\u0131zla do\u011furmak asl\u0131nda \u00e7ok onlar\u0131 vah\u015fi hayatta kalmak kolayla\u015ft\u0131r\u0131r.<\/span><\/p>\n<p><span id=\"gts_text_60\" class=\"gts_text\">Onlar, hayvanat bah\u00e7eleri ve park bulunur. <\/span><span id=\"gts_text_61\" class=\"gts_text\">Esaret, bunlar &#8216; 12 y\u0131ld\u0131r ya\u015famak m\u00fcmk\u00fcn. <\/span><span id=\"gts_text_62\" class=\"gts_text\">Bunlar hassas yarat\u0131klar ve genellikle insan inme ve onlar\u0131 el-besleme sa\u011flayacakt\u0131r.<\/span><\/p>\n<p><span id=\"gts_text_63\" class=\"gts_text\"><\/span><\/p>\n","protected":false},"excerpt":{"rendered":"<p>Kapibara d\u00fcnyan\u0131n en b\u00fcy\u00fck ya\u015fam kemirgen oldu\u011funu. En guninea domuzlar, agoutis, chinchillas ve coyphillas benzer. Uzun Ayakl\u0131 dev bir kobay gibi g\u00f6r\u00fcn\u00fcyor. Bu a\u011f\u0131r bir varil \u015feklindeki g\u00f6vde ve k\u0131sa bir kafas\u0131 vard\u0131r. Kirmizi-kahverengi, k\u00fcrk \u00fcst\u00fcnde onlar\u0131n beden ve sar\u0131ms\u0131 kahverengi g\u00f6vde alt\u0131nda \u00fcst k\u0131sm\u0131. Bazen kaliteli deri e\u015fyalar i\u00e7in kullan\u0131laca\u011f\u0131n\u0131 sert cilt vard\u0131r. Yeti\u015fkin &hellip; <a href=\"https:\/\/www.big-animals.com\/tr\/kapibara\/\" class=\"more-link\">Continue reading <span class=\"screen-reader-text\">Kapibara<\/span><\/a><\/p>\n","protected":false},"author":1,"featured_media":0,"parent":0,"menu_order":0,"comment_status":"closed","ping_status":"open","template":"","meta":{"_acf_changed":false,"footnotes":""},"acf":[],"_links":{"self":[{"href":"https:\/\/www.big-animals.com\/tr\/wp-json\/wp\/v2\/pages\/30"}],"collection":[{"href":"https:\/\/www.big-animals.com\/tr\/wp-json\/wp\/v2\/pages"}],"about":[{"href":"https:\/\/www.big-animals.com\/tr\/wp-json\/wp\/v2\/types\/page"}],"author":[{"embeddable":true,"href":"https:\/\/www.big-animals.com\/tr\/wp-json\/wp\/v2\/users\/1"}],"replies":[{"embeddable":true,"href":"https:\/\/www.big-animals.com\/tr\/wp-json\/wp\/v2\/comments?post=30"}],"version-history":[{"count":0,"href":"https:\/\/www.big-animals.com\/tr\/wp-json\/wp\/v2\/pages\/30\/revisions"}],"wp:attachment":[{"href":"https:\/\/www.big-animals.com\/tr\/wp-json\/wp\/v2\/media?parent=30"}],"curies":[{"name":"wp","href":"https:\/\/api.w.org\/{rel}","templated":true}]}}