{"id":33,"date":"2011-05-09T09:22:59","date_gmt":"2011-05-09T09:22:59","guid":{"rendered":""},"modified":"2011-05-09T09:22:59","modified_gmt":"2011-05-09T09:22:59","slug":"gigantopithecus","status":"publish","type":"page","link":"https:\/\/www.big-animals.com\/tr\/gigantopithecus\/","title":{"rendered":"Gigantopithecus"},"content":{"rendered":"<p><span id=\"gts_text_1\" class=\"gts_text\">Gigantopithecus \u015fimdiye kadar ya\u015fam\u0131\u015f en b\u00fcy\u00fck <a title=\"Primates\" href=\"http:\/\/www.big-animals.com\/primates\/\">primat<\/a> oldu\u011fu. <\/span><span id=\"gts_text_2\" class=\"gts_text\">300.000 Y\u0131l \u00f6nce vard\u0131. <\/span><span id=\"gts_text_3\" class=\"gts_text\">\u00c7in, Hindistan ve Vietnam, fosilleri bulunmu\u015ftur. <\/span><span id=\"gts_text_4\" class=\"gts_text\">Bunun i\u00e7in cehennemi yak\u0131ndan ilgilidir. <\/span><span id=\"gts_text_5\" class=\"gts_text\">Erkek Gigantopithecus olarak yakla\u015f\u0131k 3 metre (10 metre) uzunlu\u011funda ve yakla\u015f\u0131k 540 kg (1200 lb) a\u011f\u0131rl\u0131\u011f\u0131nda.<\/span><\/p>\n<figure id=\"attachment_706\" aria-describedby=\"caption-attachment-706\" style=\"width: 216px\" class=\"wp-caption alignright\"><a href=\"http:\/\/www.big-animals.com\/wp-content\/uploads\/2011\/03\/Gigantopithecus_and_human.png\"><img loading=\"lazy\" decoding=\"async\" class=\"size-medium wp-image-706\" title=\"The Gigantopithecus is the Biggest Ever Primate\" src=\"http:\/\/www.big-animals.com\/wp-content\/uploads\/2011\/03\/Gigantopithecus_and_human-216x300.png\" alt=\"The Gigantopithecus is the Biggest Ever Primate\" width=\"216\" height=\"300\" \/><\/a><figcaption id=\"caption-attachment-706\" class=\"wp-caption-text\">The Gigantopithecus is the Biggest Ever Primate<\/figcaption><\/figure>\n<p><span id=\"gts_text_6\" class=\"gts_text\">Baz\u0131 insanlar hala bug\u00fcne kadar Asya&#8217;n\u0131n uzak b\u00f6lgelerinde hayatta inan\u0131yoruz. <\/span><span id=\"gts_text_7\" class=\"gts_text\">Bu insanlara seslenmek o Yeti, Yeren veya Mande-Barung. <\/span><span id=\"gts_text_8\" class=\"gts_text\">Ancak, \u00e7o\u011fu bilim adamlar\u0131, Gogantopithecus uzun zaman \u00f6nce \u00f6ld\u00fc olduk\u00e7a eminiz. <\/span><span id=\"gts_text_9\" class=\"gts_text\">Gigantopithecus bulunan tek \u015fey var: fosille\u015fmi\u015f di\u015fler ve jawbones. <\/span><span id=\"gts_text_10\" class=\"gts_text\">Fosille\u015fmi\u015f di\u015f ve kemik genellikle toz Into alan\u0131 ve geleneksel \u00c7in t\u0131bb\u0131 kullan\u0131l\u0131r.<\/span><\/p>\n<p><span id=\"gts_text_11\" class=\"gts_text\">\u00c7\u00fcnk\u00fc hi\u00e7 kal\u00e7am veya bacak kemikleri bulundu ne yaz\u0131k ki biz nas\u0131l etraf\u0131nda, Gigantopithecus ta\u015f\u0131nd\u0131 emin olamaz. <\/span><span id=\"gts_text_12\" class=\"gts_text\">Bilim adamlar\u0131, modern goriller asl\u0131nda 2-3 kat daha a\u011f\u0131r ve en \u00e7ok benzeyen ya\u015fayan primat oldu\u011fu yakla\u015f\u0131k 5 kat daha a\u011f\u0131r orangutan, san\u0131r\u0131m. <\/span><span id=\"gts_text_13\" class=\"gts_text\">Yeti\u015fkin kad\u0131n Gigantopithecus yar\u0131m kilo erkekler vard\u0131.<\/span><\/p>\n<p><span id=\"gts_text_14\" class=\"gts_text\">Onlar bir bambu orman\u0131nda ya\u015fad\u0131. <\/span><span id=\"gts_text_15\" class=\"gts_text\">Onun fosil panda t\u00fckenmi\u015f t\u00fcr birlikte bulundu. <\/span><span id=\"gts_text_16\" class=\"gts_text\">Bu nedenle, bu b\u00fcy\u00fck Gigantopithecus bitki eaters idi tamamlanm\u0131\u015ft\u0131r. <\/span><span id=\"gts_text_17\" class=\"gts_text\">Onlar\u0131n jaws, derin ve \u00e7ok kal\u0131n. <\/span><span id=\"gts_text_18\" class=\"gts_text\">Di\u015f ve \u00e7ene sert kabu\u011fu ve bambu gibi sert Fibr\u00f6z g\u0131da \u00e7i\u011fneme i\u00e7in uygundur. <\/span><span id=\"gts_text_19\" class=\"gts_text\">Onun di\u015f i\u00e7inde bo\u015fluklar, Dev pandalar i\u00e7inde bulunanlara benzer. <\/span><span id=\"gts_text_20\" class=\"gts_text\">Bambu d\u0131\u015f\u0131nda muhtemelen tohumlar ve meyveler \u00e7ok yedim.<\/span><\/p>\n<p><span id=\"gts_text_21\" class=\"gts_text\"><\/span><\/p>\n","protected":false},"excerpt":{"rendered":"<p>Gigantopithecus \u015fimdiye kadar ya\u015fam\u0131\u015f en b\u00fcy\u00fck primat oldu\u011fu. 300.000 Y\u0131l \u00f6nce vard\u0131. \u00c7in, Hindistan ve Vietnam, fosilleri bulunmu\u015ftur. Bunun i\u00e7in cehennemi yak\u0131ndan ilgilidir. Erkek Gigantopithecus olarak yakla\u015f\u0131k 3 metre (10 metre) uzunlu\u011funda ve yakla\u015f\u0131k 540 kg (1200 lb) a\u011f\u0131rl\u0131\u011f\u0131nda. Baz\u0131 insanlar hala bug\u00fcne kadar Asya&#8217;n\u0131n uzak b\u00f6lgelerinde hayatta inan\u0131yoruz. Bu insanlara seslenmek o Yeti, Yeren &hellip; <a href=\"https:\/\/www.big-animals.com\/tr\/gigantopithecus\/\" class=\"more-link\">Continue reading <span class=\"screen-reader-text\">Gigantopithecus<\/span><\/a><\/p>\n","protected":false},"author":1,"featured_media":0,"parent":0,"menu_order":0,"comment_status":"closed","ping_status":"open","template":"","meta":{"_acf_changed":false,"footnotes":""},"acf":[],"_links":{"self":[{"href":"https:\/\/www.big-animals.com\/tr\/wp-json\/wp\/v2\/pages\/33"}],"collection":[{"href":"https:\/\/www.big-animals.com\/tr\/wp-json\/wp\/v2\/pages"}],"about":[{"href":"https:\/\/www.big-animals.com\/tr\/wp-json\/wp\/v2\/types\/page"}],"author":[{"embeddable":true,"href":"https:\/\/www.big-animals.com\/tr\/wp-json\/wp\/v2\/users\/1"}],"replies":[{"embeddable":true,"href":"https:\/\/www.big-animals.com\/tr\/wp-json\/wp\/v2\/comments?post=33"}],"version-history":[{"count":0,"href":"https:\/\/www.big-animals.com\/tr\/wp-json\/wp\/v2\/pages\/33\/revisions"}],"wp:attachment":[{"href":"https:\/\/www.big-animals.com\/tr\/wp-json\/wp\/v2\/media?parent=33"}],"curies":[{"name":"wp","href":"https:\/\/api.w.org\/{rel}","templated":true}]}}