{"id":61,"date":"2011-05-09T09:33:54","date_gmt":"2011-05-09T09:33:54","guid":{"rendered":""},"modified":"2011-05-09T09:33:54","modified_gmt":"2011-05-09T09:33:54","slug":"d%c3%bcnyan%c4%b1n-en-b%c3%bcy%c3%bck-hayvan","status":"publish","type":"page","link":"https:\/\/www.big-animals.com\/tr\/","title":{"rendered":"D\u00fcnyan\u0131n en b\u00fcy\u00fck hayvan"},"content":{"rendered":"<p><span id=\"gts_text_1\" class=\"gts_text\">Bu site d\u00fcnyan\u0131n en b\u00fcy\u00fck hayvan &#8211; en uzun, en a\u011f\u0131r, en uzun ve en b\u00fcy\u00fc\u011f\u00fc olan her t\u00fcr hayvan, bir vukuf her biri hakk\u0131nda ilgin\u00e7 ger\u00e7ekler ile bir araya ama\u00e7lamaktad\u0131r!<\/span><\/p>\n<p><span id=\"gts_text_2\" class=\"gts_text\">D\u00fcnyan\u0131n en b\u00fcy\u00fck \u00f6r\u00fcmcek nedir biliyor musun? <\/span><span id=\"gts_text_3\" class=\"gts_text\">Ya da a\u011f\u0131r Yenge\u00e7? <\/span><span id=\"gts_text_4\" class=\"gts_text\">Ya da en b\u00fcy\u00fck bal\u0131k hi\u00e7?<\/span><\/p>\n<p><span id=\"gts_text_5\" class=\"gts_text\">Bu siteyi ke\u015ffetmek i\u00e7in \u00e7e\u015fitli yollar\u0131 vard\u0131r&#8230;<\/span><\/p>\n<ul>\n<li> <span id=\"gts_text_6\" class=\"gts_text\">B\u00fct\u00fcn hayvanlar\u0131n bir <a href=\"\/Alphabetical-List-Of-Animals.html\">alfabetik listesi<\/a> bkz: Bu Web sitesinde ve do\u011frudan ilgilendi\u011finiz hayvan\u0131 yak\u0131nla\u015ft\u0131rma.<\/span><\/li>\n<li> <span id=\"gts_text_7\" class=\"gts_text\"><a href=\"\/List-Of-Animals-By-Type.html\">T\u00fcm farkl\u0131 <em>t\u00fcrleri<\/em> hayvanlar listesine<\/a>bak\u0131n ve kayd\u0131rma <em>t\u00fcr\u00fc<\/em> a\u015fa\u011f\u0131 (memeliler, Omurgal\u0131lar, \u00f6r\u00fcmcekler, vb) ilginizi \u00e7eken.<\/span><\/li>\n<li> <span id=\"gts_text_8\" class=\"gts_text\">D\u00fcz <a href=\"\/Animals.html\">hayvanlar hakk\u0131nda Ana sayfa<\/a>&#8216; y\u0131 t\u0131klat\u0131n, ne onlar hakk\u0131nda \u00e7ok \u00f6zel olan okuyun ve orada buldu\u011funuz ba\u011flant\u0131lar\u0131n\u0131 t\u0131klat\u0131n.<\/span><\/li>\n<li> <span id=\"gts_text_9\" class=\"gts_text\">Site i\u00e7i arama ve d\u00fcz arad\u0131\u011f\u0131n\u0131z sayfaya git:<\/span><br \/>\n<form action=\"http:\/\/www.google.com\/cse\" id=\"cse-search-box\" target=\"_blank\">\n<div>\n    <input type=\"hidden\" name=\"cx\" value=\"partner-pub-2402359816736819:5079094669\" \/><br \/>\n    <input type=\"hidden\" name=\"ie\" value=\"UTF-8\" \/><br \/>\n    <input type=\"text\" name=\"q\" size=\"55\" \/><br \/>\n    <input type=\"submit\" name=\"sa\" value=\"Search\" \/>\n  <\/div>\n<\/form>\n<p><script type=\"text\/javascript\" src=\"http:\/\/www.google.com\/coop\/cse\/brand?form=cse-search-box&amp;lang=en\"><\/script>\n<\/li>\n<\/ul>\n<p><span id=\"gts_text_10\" class=\"gts_text\">Bu site t\u00fcm en b\u00fcy\u00fck hayvan Krall\u0131\u011f\u0131 ke\u015ffetmek i\u00e7in b\u00fcy\u00fcleyici bir yer olacak benim umut oldu\u011funu!<\/span><\/p>\n","protected":false},"excerpt":{"rendered":"<p>Bu site d\u00fcnyan\u0131n en b\u00fcy\u00fck hayvan &#8211; en uzun, en a\u011f\u0131r, en uzun ve en b\u00fcy\u00fc\u011f\u00fc olan her t\u00fcr hayvan, bir vukuf her biri hakk\u0131nda ilgin\u00e7 ger\u00e7ekler ile bir araya ama\u00e7lamaktad\u0131r! D\u00fcnyan\u0131n en b\u00fcy\u00fck \u00f6r\u00fcmcek nedir biliyor musun? Ya da a\u011f\u0131r Yenge\u00e7? Ya da en b\u00fcy\u00fck bal\u0131k hi\u00e7? Bu siteyi ke\u015ffetmek i\u00e7in \u00e7e\u015fitli yollar\u0131 vard\u0131r&#8230; &hellip; <a href=\"https:\/\/www.big-animals.com\/tr\/\" class=\"more-link\">Continue reading <span class=\"screen-reader-text\">D\u00fcnyan\u0131n en b\u00fcy\u00fck hayvan<\/span><\/a><\/p>\n","protected":false},"author":1,"featured_media":0,"parent":0,"menu_order":0,"comment_status":"closed","ping_status":"open","template":"","meta":{"_acf_changed":false,"footnotes":""},"acf":[],"_links":{"self":[{"href":"https:\/\/www.big-animals.com\/tr\/wp-json\/wp\/v2\/pages\/61"}],"collection":[{"href":"https:\/\/www.big-animals.com\/tr\/wp-json\/wp\/v2\/pages"}],"about":[{"href":"https:\/\/www.big-animals.com\/tr\/wp-json\/wp\/v2\/types\/page"}],"author":[{"embeddable":true,"href":"https:\/\/www.big-animals.com\/tr\/wp-json\/wp\/v2\/users\/1"}],"replies":[{"embeddable":true,"href":"https:\/\/www.big-animals.com\/tr\/wp-json\/wp\/v2\/comments?post=61"}],"version-history":[{"count":0,"href":"https:\/\/www.big-animals.com\/tr\/wp-json\/wp\/v2\/pages\/61\/revisions"}],"wp:attachment":[{"href":"https:\/\/www.big-animals.com\/tr\/wp-json\/wp\/v2\/media?parent=61"}],"curies":[{"name":"wp","href":"https:\/\/api.w.org\/{rel}","templated":true}]}}