{"id":68,"date":"2011-05-09T11:33:55","date_gmt":"2011-05-09T11:33:55","guid":{"rendered":""},"modified":"2011-05-09T11:33:55","modified_gmt":"2011-05-09T11:33:55","slug":"the-giraffe-the-worlds-tallest-animal","status":"publish","type":"page","link":"https:\/\/www.big-animals.com\/tr\/the-giraffe-the-worlds-tallest-animal\/","title":{"rendered":"Giraffe &#8211; d\u00fcnyan\u0131n en uzun hayvan!"},"content":{"rendered":"<p><span id=\"gts_text_1\" class=\"gts_text\">D\u00fcnyan\u0131n en uzun ya\u015fayan <a href=\"\/Animals.html\">animal<\/a> Giraffe&#8217;s &#8211; erkek Z\u00fcrafa il\u00e2 16-18 metre boyunda (4.9-5.5 metre) yeti\u015fir. <\/span><span id=\"gts_text_2\" class=\"gts_text\">Boyu Z\u00fcrafa 19.2 metre boyunda hi\u00e7 oldu! <\/span><span id=\"gts_text_3\" class=\"gts_text\">Bilim adamlar\u0131, Z\u00fcrafa <span style=\"font-style: italic;\">Z\u00fcrafa Camelopardus<\/span>diyoruz.<span style=\"float: left;\"> <\/span> <\/span><span id=\"gts_text_4\" class=\"gts_text\">&#8220;Z\u00fcrafa&#8221; s\u00f6zc\u00fc\u011f\u00fc i\u00e7in &#8220;uzun&#8221; Arap\u00e7a kelime gelir. <\/span><span id=\"gts_text_5\" class=\"gts_text\">Beri bir leopar gibi noktalar vard\u0131, ama biraz y\u00fcr\u00fcd\u00fc bir deve gibi eski zaman bir &#8220;deve leopar&#8221;, Z\u00fcrafa \u00e7a\u011fr\u0131ld\u0131. <\/span><span id=\"gts_text_6\" class=\"gts_text\">Z\u00fcrafa \u00e7ok uzun oldu\u011fundan, di\u011fer baz\u0131 \u00f6zel \u00f6zellikleri vard\u0131r.<\/span><\/p>\n<figure id=\"attachment_1074\" aria-describedby=\"caption-attachment-1074\" style=\"width: 222px\" class=\"wp-caption alignleft\"><a href=\"http:\/\/www.big-animals.com\/wp-content\/uploads\/2008\/12\/Giraffe.jpg\"><img loading=\"lazy\" decoding=\"async\" class=\"size-medium wp-image-1074\" title=\"The Giraffe is the World's Tallest Animal\" src=\"http:\/\/www.big-animals.com\/wp-content\/uploads\/2008\/12\/Giraffe-222x300.jpg\" alt=\"The Giraffe is the World's Tallest Animal\" width=\"222\" height=\"300\" \/><\/a><figcaption id=\"caption-attachment-1074\" class=\"wp-caption-text\">The Giraffe is the World&#038;#39;s Tallest Animal<\/figcaption><\/figure>\n<p><span id=\"gts_text_7\" class=\"gts_text\">\u00d6ncelikle, pompa kan t\u00fcm yol kadar onun uzun boyunlu, Z\u00fcrafa \u00e7ok g\u00fc\u00e7l\u00fc bir y\u00fcrek gerekir. <\/span><span id=\"gts_text_8\" class=\"gts_text\">Asl\u0131nda, onun kalbini 26 lb (12 kg), yap\u0131m o b\u00fcy\u00fck kalp animal kingdom a\u011f\u0131rl\u0131\u011f\u0131nda! <\/span><span id=\"gts_text_9\" class=\"gts_text\">Ayr\u0131ca, kendi kafamda o aniden ba\u015f\u0131n\u0131 kald\u0131rd\u0131 zaman bay\u0131lma \u00f6nlemek i\u00e7in \u00f6zel kan damarlar\u0131 vard\u0131r!<\/span><\/p>\n<p><span id=\"gts_text_10\" class=\"gts_text\">Z\u00fcrafa hayvanat bah\u00e7esindeki tutulur, bazen t\u00fcm Hayvanat Bah\u00e7esi uzun bir \u015fey oluyor. <\/span><span id=\"gts_text_11\" class=\"gts_text\">Bu o b\u00fcy\u00fck olas\u0131l\u0131kla bir f\u0131rt\u0131na s\u0131ras\u0131nda Y\u0131ld\u0131r\u0131m vurdu demektir! <\/span><span id=\"gts_text_12\" class=\"gts_text\">Vah\u015fi, yan\u0131 s\u0131ra, d\u00fcnyan\u0131n en \u00e7ok ba\u015fka yerlerde daha \u00e7ok daha az Y\u0131ld\u0131r\u0131m ya\u015fad\u0131klar\u0131 yerler var ve onlar &#8211; uzun boylu a\u011fa\u00e7lar aras\u0131nda z\u00fcrafalar ya\u015f\u0131yor.<\/span><\/p>\n<p><span id=\"gts_text_13\" class=\"gts_text\">A\u015fa\u011f\u0131daki resimde nas\u0131l b\u00fcy\u00fck bir z\u00fcrafa g\u00f6reli olarak tipik bir insan oldu\u011funu g\u00f6sterir.<\/span><\/p>\n<h3><span id=\"gts_text_14\" class=\"gts_text\">Giraffe&#8217;s Neck<\/span><\/h3>\n<p><span id=\"gts_text_15\" class=\"gts_text\">Z\u00fcrafa \u00e7ok uzun boyunlu olsa da, bir insan &#8211; ayn\u0131 say\u0131da boyun kemi\u011fi olan yedi. <\/span><span id=\"gts_text_16\" class=\"gts_text\">Bu yar\u0131 boyun kemiklerinin bir sinek gibi say\u0131d\u0131r! <\/span><span id=\"gts_text_17\" class=\"gts_text\">Ancak, eklem kemikleri aras\u0131nda \u00e7ok esnektir.<\/span><\/p>\n<p><span id=\"gts_text_18\" class=\"gts_text\">Z\u00fcrafalar bazen boyunlar\u0131na birlikte rub. <\/span><span id=\"gts_text_19\" class=\"gts_text\">Bu, samimi bir jest olabilir veya kavga bir par\u00e7as\u0131 olabilir.<\/span><\/p>\n<figure id=\"attachment_1077\" aria-describedby=\"caption-attachment-1077\" style=\"width: 198px\" class=\"wp-caption alignright\"><a href=\"http:\/\/www.big-animals.com\/wp-content\/uploads\/2008\/12\/giraffe-and-human1.png\"><img loading=\"lazy\" decoding=\"async\" class=\"size-medium wp-image-1077\" title=\"Giraffe And Human\" src=\"http:\/\/www.big-animals.com\/wp-content\/uploads\/2008\/12\/giraffe-and-human1-198x300.png\" alt=\"Giraffe And Human\" width=\"198\" height=\"300\" \/><\/a><figcaption id=\"caption-attachment-1077\" class=\"wp-caption-text\">Giraffe And Human<\/figcaption><\/figure>\n<h3><span id=\"gts_text_20\" class=\"gts_text\">Giraffe&#8217;s Tongue<\/span><\/h3>\n<p><span id=\"gts_text_21\" class=\"gts_text\">Giraffe&#8217;s tongue \u00f6ncelikle yakla\u015f\u0131k 18-20 in\u00e7 (45-50 cm) \u00e7ok uzun &#8211; \u00e7ok &#8211; \u00e7ekicidir. <\/span><span id=\"gts_text_22\" class=\"gts_text\">Uzun bacaklar\u0131 ve uzun boyunlu yeterince olduk\u00e7a uzun zaman de\u011fil, o kadar y\u00fcksek b\u00fcy\u00fcyen yapraklar\u0131 ula\u015fmak i\u00e7in uzun onun dilini kullan\u0131r. <\/span><span id=\"gts_text_23\" class=\"gts_text\">O da kendi dil yararl\u0131 b\u00f6cek y\u00fcz\u00fcn\u00fc kapatmak pe\u015finde bulur.<\/span><\/p>\n<p><span id=\"gts_text_24\" class=\"gts_text\">Giraffe tesisleri her t\u00fcrl\u00fc seviyor, ama onun s\u0131k baz\u0131lar\u0131 \u00e7ok dikenli. <\/span><span id=\"gts_text_25\" class=\"gts_text\">B\u00f6ylece \u00f6\u011fle yeme\u011fi s\u0131ras\u0131nda zarar gelmez bu nedenle kendi dilini de \u00e7ok zor,!<\/span><\/p>\n<h3><span id=\"gts_text_26\" class=\"gts_text\">Giraffe&#8217;s Horns<\/span><\/h3>\n<p><span id=\"gts_text_27\" class=\"gts_text\">Giraffe&#8217;s boynuzlar\u0131, sertle\u015ftirilmi\u015f <span style=\"font-style: italic;\">k\u0131k\u0131rdak<\/span> &#8211; bizim burun, ama zor \u015fekil veren \u015feyler gibi yap\u0131l\u0131r. <\/span><span id=\"gts_text_28\" class=\"gts_text\">Boynuz, deri kapl\u0131d\u0131r. <\/span><span id=\"gts_text_29\" class=\"gts_text\">Bir kad\u0131n giraffe&#8217;s boynuzlar\u0131 bir erkek&#8217;\u0131n k\u0131sa ve sa\u00e7 \u00fcst\u00fcne e\u011filimindedir.<\/span><\/p>\n<h3><span id=\"gts_text_30\" class=\"gts_text\">Z\u00fcrafa Habitat ve diyet<\/span><\/h3>\n<p><span id=\"gts_text_31\" class=\"gts_text\">Z\u00fcrafalar da\u011f\u0131n\u0131k a\u011fa\u00e7lar\u0131yla &#8211; akasya a\u011fa\u00e7lar\u0131 \u00f6zellikle a\u00e7\u0131k alanlarda gibi. <\/span><span id=\"gts_text_32\" class=\"gts_text\">A\u011fa\u00e7lar\u0131n yapraklar\u0131 yemek, bu y\u00fczden onlar biraz daha kafa yormak ve yine kendi mide farkl\u0131 bir par\u00e7as\u0131 i\u00e7inde sindirmek digest sindirmek yar\u0131s\u0131 kadar onlar\u0131 bir s\u00fcre sonra (inek gibi) kusma (&#8220;cud&#8221;) b\u0131rak\u0131r. <\/span><span id=\"gts_text_33\" class=\"gts_text\">Bu al\u0131\u015fkanl\u0131\u011f\u0131 nedeniyle, z\u00fcrafalar (inek ile) &#8220;Gevi\u015f&#8221; s\u0131n\u0131fland\u0131r\u0131l\u0131r.<\/span><\/p>\n<p><span id=\"gts_text_34\" class=\"gts_text\">Z\u00fcrafalar \u00e7iftlik hayvanlar\u0131 varamayan yapraklar\u0131 yemek tercih beri z\u00fcrafalar \u00e7iftlik hayvanlar\u0131, ayn\u0131 yerlerde ya\u015fayabilir. <\/span><span id=\"gts_text_35\" class=\"gts_text\">\u00c7ift\u00e7iler uzakta bir alandan t\u00fcm a\u011fa\u00e7lar temizlerseniz, Z\u00fcrafa sorun ise. <\/span><span id=\"gts_text_36\" class=\"gts_text\">Z\u00fcrafalar bir t\u00fcr olarak Afrika&#8217;n\u0131n baz\u0131 b\u00f6lgelerinde g\u00fcvenli olmakla birlikte, bunlar\u0131n say\u0131lar\u0131 gidiyor.<\/span><\/p>\n<h3><span id=\"gts_text_37\" class=\"gts_text\">Di\u011fer Giraffe olgular ve bilgiler<\/span><\/h3>\n<p><span id=\"gts_text_38\" class=\"gts_text\">Z\u00fcrafa aras\u0131nda \u00e7ok az uyku &#8211; \u00e7ok k\u0131sa naps ile g\u00fcnde sadece iki saat gerekiyor. <\/span><span id=\"gts_text_39\" class=\"gts_text\">Z\u00fcrafalar \u00e7ok sakin g\u00f6r\u00fcnen, ancak asl\u0131nda bir s\u00fcr\u00fc farkl\u0131 sesler &#8211; \u00f6ks\u00fcr\u00fck, brutal vokal, bleats, \u0131sl\u0131k &#8211; ve bize duymak \u00e7ok d\u00fc\u015f\u00fck \u00e7ok daha fazla ses yapt\u0131klar\u0131.<\/span><\/p>\n<p><span id=\"gts_text_40\" class=\"gts_text\">Bilim adamlar\u0131, memeliler <span style=\"font-style: italic;\">Giraffidae<\/span>denilen bir ailede z\u00fcrafalar koydu. <\/span><span id=\"gts_text_41\" class=\"gts_text\">Bug\u00fcn Giraffidae hayatta, Z\u00fcrafa ve Okapi (g\u00fczel g\u00f6r\u00fcn\u00fcml\u00fc bir hayvan ve kendi kulaklar\u0131 yalamak olabilir tek memeli) sadece iki t\u00fcr\u00fc vard\u0131r. <\/span><span id=\"gts_text_42\" class=\"gts_text\">Giraffidae buna gevi\u015f hangi s\u0131rayla <span style=\"font-style: italic;\">&#8220;Artiodactyla<\/span>, ya da&#8221;<a title=\"Even-toed ungulate\" href=\"http:\/\/www.big-animals.com\/even-toed-ungulate\/\">bile parmakl\u0131 ungulates<\/a>&#8220;ad\u0131 verilen s\u0131rayla&#8221; vard\u0131r.<\/span><\/p>\n<p><span id=\"gts_text_43\" class=\"gts_text\">Yani, z\u00fcrafalar vard\u0131r<\/span><\/p>\n<ul>\n<li><span id=\"gts_text_44\" class=\"gts_text\">D\u00fcnyan\u0131n en b\u00fcy\u00fck Girrafids &#8211; yani, onlar Okapis b\u00fcy\u00fckt\u00fcr<\/span><\/li>\n<li><span id=\"gts_text_45\" class=\"gts_text\">D\u00fcnyan\u0131n en b\u00fcy\u00fck gevi\u015f &#8211; yani, onlar\u0131n cud \u00e7i\u011fnemek hayvanlar\u0131n yakla\u015f\u0131k 200 t\u00fcrleri aras\u0131nda en<\/span><\/li>\n<li><span id=\"gts_text_46\" class=\"gts_text\">\u00c7\u00fcnk\u00fc bir <a title=\"Hippopotamus\" href=\"http:\/\/www.big-animals.com\/hippopotamus\/\">su ayg\u0131r\u0131<\/a> Z\u00fcrafa ayn\u0131 a\u011f\u0131rl\u0131\u011fa sahip d\u00fcnya &#8220;bile parmakl\u0131 Toynakl\u0131&#8221; &#8211; ama de\u011fil a\u011f\u0131r, yakla\u015f\u0131k 230 t\u00fcrleri uzun<\/span><\/li>\n<li><span id=\"gts_text_47\" class=\"gts_text\">D\u00fcnyan\u0131n en uzun <a href=\"\/Mammals.html\">memeli<\/a>5400 t\u00fcrleri<\/span><\/li>\n<\/ul>\n<p><span id=\"gts_text_48\" class=\"gts_text\">yan\u0131 s\u0131ra d\u00fcnyan\u0131n en uzun ya\u015fayan <a href=\"\/Animals.html\">hayvan<\/a>olmak.<\/span><\/p>\n<p><span id=\"gts_text_49\" class=\"gts_text\">Z\u00fcrafa ko\u015fmak istedi\u011finde \u00e7ok h\u0131zl\u0131 \u00e7al\u0131\u015ft\u0131rabilirsiniz. <\/span><span id=\"gts_text_50\" class=\"gts_text\">Sayesinde onun uzun bacaklar\u0131, 35 mil (55 km\/s) h\u0131zlar\u0131 ula\u015fabilirsiniz. <\/span><span id=\"gts_text_51\" class=\"gts_text\">\u00c7al\u0131\u015ft\u0131klar\u0131nda, en d\u00f6rt ayakl\u0131 hayvanlar, onlar\u0131n \u00f6n sa\u011f ve arka ayaklar\u0131 ileri birlikte sol ve sonra kendi \u00f6n sol ve sa\u011f aya\u011f\u0131 yedeklemek ta\u015f\u0131yacakt\u0131r. <\/span><span id=\"gts_text_52\" class=\"gts_text\">Giraffe bunu denediyseniz, \u00fczerinde yolculuk! <\/span><span id=\"gts_text_53\" class=\"gts_text\">Bunun yerine, bu hem onun sol aya\u011f\u0131 ileriye, daha sonra hem sa\u011f alt bacaklar &#8211; alarak kadar ad\u0131mlar\u0131 15 ayak (5 metre) uzun.<\/span><\/p>\n<div style=\"text-align: center;\">\n<figure id=\"attachment_1078\" aria-describedby=\"caption-attachment-1078\" style=\"width: 475px\" class=\"wp-caption aligncenter\"><a href=\"http:\/\/www.big-animals.com\/wp-content\/uploads\/2008\/12\/GiraffeHead.jpg\"><img loading=\"lazy\" decoding=\"async\" class=\"size-large wp-image-1078   \" title=\"This Giraffe Photograph is by Michigan Photographer Cody Hough\" src=\"http:\/\/www.big-animals.com\/wp-content\/uploads\/2008\/12\/GiraffeHead-791x1024.jpg\" alt=\"This Giraffe Photograph is by Michigan Photographer Cody Hough\" width=\"475\" height=\"614\" \/><\/a><figcaption id=\"caption-attachment-1078\" class=\"wp-caption-text\">This Giraffe Photograph is by Michigan Photographer Cody Hough<\/figcaption><\/figure>\n<\/div>\n","protected":false},"excerpt":{"rendered":"<p>D\u00fcnyan\u0131n en uzun ya\u015fayan animal Giraffe&#8217;s &#8211; erkek Z\u00fcrafa il\u00e2 16-18 metre boyunda (4.9-5.5 metre) yeti\u015fir. Boyu Z\u00fcrafa 19.2 metre boyunda hi\u00e7 oldu! Bilim adamlar\u0131, Z\u00fcrafa Z\u00fcrafa Camelopardusdiyoruz. &#8220;Z\u00fcrafa&#8221; s\u00f6zc\u00fc\u011f\u00fc i\u00e7in &#8220;uzun&#8221; Arap\u00e7a kelime gelir. Beri bir leopar gibi noktalar vard\u0131, ama biraz y\u00fcr\u00fcd\u00fc bir deve gibi eski zaman bir &#8220;deve leopar&#8221;, Z\u00fcrafa \u00e7a\u011fr\u0131ld\u0131. Z\u00fcrafa &hellip; <a href=\"https:\/\/www.big-animals.com\/tr\/the-giraffe-the-worlds-tallest-animal\/\" class=\"more-link\">Continue reading <span class=\"screen-reader-text\">Giraffe &#8211; d\u00fcnyan\u0131n en uzun hayvan!<\/span><\/a><\/p>\n","protected":false},"author":1,"featured_media":0,"parent":0,"menu_order":0,"comment_status":"closed","ping_status":"open","template":"","meta":{"_acf_changed":false,"footnotes":""},"acf":[],"_links":{"self":[{"href":"https:\/\/www.big-animals.com\/tr\/wp-json\/wp\/v2\/pages\/68"}],"collection":[{"href":"https:\/\/www.big-animals.com\/tr\/wp-json\/wp\/v2\/pages"}],"about":[{"href":"https:\/\/www.big-animals.com\/tr\/wp-json\/wp\/v2\/types\/page"}],"author":[{"embeddable":true,"href":"https:\/\/www.big-animals.com\/tr\/wp-json\/wp\/v2\/users\/1"}],"replies":[{"embeddable":true,"href":"https:\/\/www.big-animals.com\/tr\/wp-json\/wp\/v2\/comments?post=68"}],"version-history":[{"count":0,"href":"https:\/\/www.big-animals.com\/tr\/wp-json\/wp\/v2\/pages\/68\/revisions"}],"wp:attachment":[{"href":"https:\/\/www.big-animals.com\/tr\/wp-json\/wp\/v2\/media?parent=68"}],"curies":[{"name":"wp","href":"https:\/\/api.w.org\/{rel}","templated":true}]}}