{"id":7,"date":"2011-05-09T08:56:53","date_gmt":"2011-05-09T08:56:53","guid":{"rendered":""},"modified":"2011-05-09T08:56:53","modified_gmt":"2011-05-09T08:56:53","slug":"the-blue-whale-the-biggest-animal-there-ever-was","status":"publish","type":"page","link":"https:\/\/www.big-animals.com\/tr\/the-blue-whale-the-biggest-animal-there-ever-was\/","title":{"rendered":"Mavi balina &#8211; en b\u00fcy\u00fck hayvan var hi\u00e7 oldu!"},"content":{"rendered":"<p><span id=\"gts_text_1\" class=\"gts_text\"><strong> <\/strong><\/span><\/p>\n<figure id=\"attachment_1051\" aria-describedby=\"caption-attachment-1051\" style=\"width: 259px\" class=\"wp-caption alignleft\"><strong><strong><a href=\"http:\/\/www.big-animals.com\/wp-content\/uploads\/2008\/04\/BlueWhaleFromAbove.jpg\"><img loading=\"lazy\" decoding=\"async\" class=\"size-large wp-image-1051\" title=\"The Blue Whale Is The Largest Animal Ever\" src=\"http:\/\/www.big-animals.com\/wp-content\/uploads\/2008\/04\/BlueWhaleFromAbove-259x1024.jpg\" alt=\"The Blue Whale Is The Largest Animal Ever\" width=\"259\" height=\"1024\" \/><\/a><\/strong><\/strong><figcaption id=\"caption-attachment-1051\" class=\"wp-caption-text\">The Blue Whale Is The Largest Animal Ever<\/figcaption><\/figure>\n<p><span id=\"gts_text_2\" class=\"gts_text\"><strong>Mavi balina boyutu:<\/strong> Hatta en b\u00fcy\u00fck dinozor daha b\u00fcy\u00fck mavi balina i\u00e7in yakla\u015f\u0131k 30 metre (yakla\u015f\u0131k 100 metre) uzunlu\u011funda yeti\u015fir. <\/span><span id=\"gts_text_3\" class=\"gts_text\">180000 Kg (neredeyse 400000 pound) &#8211; kalk\u0131\u015f &#8211; bir Boeing 747-400 haz\u0131r ayn\u0131 tartmak inan\u0131lmaktad\u0131r, ancak b\u00fcy\u00fck bir hayvan Tart\u0131m yapmak \u00e7ok zordur. <\/span><span id=\"gts_text_4\" class=\"gts_text\">\u00c7o\u011fu \u00f6l\u00e7\u00fcmleri ne zaman onlar avlanan &#8211; Avc\u0131lar-balina par\u00e7alara cut up ve her par\u00e7a ayr\u0131 ayr\u0131 tartmak d\u00f6neminde yap\u0131lm\u0131\u015ft\u0131r. <\/span><span id=\"gts_text_5\" class=\"gts_text\">Bu her zaman i\u00e7in a\u011f\u0131rl\u0131\u011f\u0131n\u0131 daha ger\u00e7ek k\u00fc\u00e7\u00fck \u015fekil verir.<\/span><\/p>\n<p><span id=\"gts_text_6\" class=\"gts_text\"><strong>Mavi balina \u015fa\u015f\u0131rt\u0131c\u0131 ger\u00e7ekleri:<\/strong> Onun dil olarak b\u00fcy\u00fck bir fil &#8211; geni\u015f ve yeterince durmaya 50 ki\u015filik! <\/span><span id=\"gts_text_7\" class=\"gts_text\">It&#8217;s kalp bir k\u00fc\u00e7\u00fck otomobil b\u00fcy\u00fckl\u00fc\u011f\u00fcnde. <\/span><span id=\"gts_text_8\" class=\"gts_text\">Do\u011fumda bile, onlar kadar neredeyse 20 yeti\u015fkin insan tartmak!<\/span><\/p>\n<p><span id=\"gts_text_9\" class=\"gts_text\"><strong>Mavi balina bilgileri:<\/strong> Mavi balina Bale balina t\u00fcr\u00fc &#8211; Bale balinalar di\u015fleri yok onlar\u0131n \u00fcst \u00e7enedeki yerine onlar onlar\u0131n yiyecek ve su filtre uygulamak i\u00e7in kullanabilece\u011finiz bir <em>Bale<\/em> &#8211; tarak gibi bir \u015fey &#8211; onlar gerekir. <\/span><span id=\"gts_text_10\" class=\"gts_text\">Onlar asl\u0131nda Rorquals, hangi yan\u0131 bale, \u00e7ok esnek katlanmalar cilt kendi a\u011fz\u0131ndan kendi bellybuttons i\u00e7in \u00e7al\u0131\u015fan var. <\/span><span id=\"gts_text_11\" class=\"gts_text\">Bu a\u00e7\u0131k a\u011f\u0131zlar\u0131 \u00e7ok geni\u015f ve b\u00fcy\u00fck miktarda her yudum g\u0131da almak sa\u011flar.<\/span><\/p>\n<p><span id=\"gts_text_12\" class=\"gts_text\">Mavi balinalar Bale balinalar oldu\u011fundan, bu gibi d\u00fcnyan\u0131n en b\u00fcy\u00fck <a href=\"\/Animals.html\">hayvan<\/a>olan izler,<\/span><\/p>\n<ul>\n<li> <span id=\"gts_text_13\" class=\"gts_text\">D\u00fcnyan\u0131n en b\u00fcy\u00fck Rorqual mavi balina ise,<\/span><\/li>\n<li> <span id=\"gts_text_14\" class=\"gts_text\">D\u00fcnyan\u0131n en b\u00fcy\u00fck Bale Whale Blue Whale&#8217;s,<\/span><\/li>\n<li> <span id=\"gts_text_15\" class=\"gts_text\">D\u00fcnyan\u0131n en b\u00fcy\u00fck <a title=\"Cetaceans\" href=\"http:\/\/www.big-animals.com\/cetaceans\/\">Cetacean<\/a> mavi balina (balinalar, yunuslar\u0131n ve yunuslar deniz memelileri dahil) ise,<\/span><\/li>\n<li> <span id=\"gts_text_16\" class=\"gts_text\">Mavi balina, d\u00fcnyan\u0131n en b\u00fcy\u00fck <a href=\"\/Mammals.html\">memeli<\/a> oldu\u011funu ve<\/span><\/li>\n<li> <span id=\"gts_text_17\" class=\"gts_text\">D\u00fcnyan\u0131n en b\u00fcy\u00fck <a href=\"\/Vertebrates.html\">omurgal\u0131<\/a> Blue Whale&#8217;s.<\/span><\/li>\n<\/ul>\n<p><span id=\"gts_text_18\" class=\"gts_text\">Bilimsel mavi balina <em>Balaenoptera musculus<\/em>ad\u0131d\u0131r. <\/span><span id=\"gts_text_19\" class=\"gts_text\"><em>Balaenoptera<\/em> demektir &#8220;kanatl\u0131 balina&#8221; ( <em>Optera<\/em> s\u00f6zc\u00fc\u011f\u00fc Latince <em>kanatlar\u0131<\/em> anlam\u0131na gelir). <\/span><span id=\"gts_text_20\" class=\"gts_text\">Onlar ger\u00e7ekten kanatlar\u0131 yok! <\/span><span id=\"gts_text_21\" class=\"gts_text\">Ancak, onlar-si olmak \u00e7ok b\u00fcy\u00fck yan y\u00fczge\u00e7leri. <\/span><span id=\"gts_text_22\" class=\"gts_text\"><em>Musculus<\/em>Peki? <\/span><span id=\"gts_text_23\" class=\"gts_text\">Bu Latince &#8220;Kas i\u00e7in&#8221; ve de &#8220;fare&#8221; &#8211; Evet, en b\u00fcy\u00fck hayvan hi\u00e7 <em>fare balina<\/em>, o adl\u0131 bilim adam\u0131 taraf\u0131ndan bir \u015faka olarak \u00e7a\u011fr\u0131ld\u0131!<\/span><\/p>\n<p><span id=\"gts_text_24\" class=\"gts_text\"><strong>Mavi balina Habitat:<\/strong> B\u00fct\u00fcn deniz ma\u00e7lar\u0131n\u0131 oynamaktad\u0131r. <\/span><span id=\"gts_text_25\" class=\"gts_text\">Balina memeliler, de\u011fil bal\u0131k oldu\u011funu unutmay\u0131n! <\/span><span id=\"gts_text_26\" class=\"gts_text\">Bu y\u00fczden onlar, bizim gibi solumak ve s\u00fct vermek i\u00e7in onlar\u0131n bebek whales &#8211; yakla\u015f\u0131k 400 litre (100 galon) her g\u00fcn. <\/span><span id=\"gts_text_27\" class=\"gts_text\">Mavi balina gibi t\u00fcm balinalar\u0131n, d\u00fczenli olarak nefes y\u00fczeyi gelmelidir. <\/span><span id=\"gts_text_28\" class=\"gts_text\">Onlar i\u00e7in yakla\u015f\u0131k yar\u0131m saat nefes alabilir, ama onlar asla \u00e7ok y\u00fczeyi y\u00fczmek. <\/span><span id=\"gts_text_29\" class=\"gts_text\">Late 19th ve erken 20. y\u00fczy\u0131lda (1970 kadar) erkekler bu balinalar avlamak i\u00e7in yararland\u0131. <\/span><span id=\"gts_text_30\" class=\"gts_text\">Bu tahmin \u015eimdi orada sadece yakla\u015f\u0131k 5000-12000 mavi balinalar t\u00fcm d\u00fcnyada. <\/span><span id=\"gts_text_31\" class=\"gts_text\">\u00d6nce AV ba\u015flad\u0131, bu say\u0131n\u0131n 100 defadan fazla vard\u0131. <\/span><span id=\"gts_text_32\" class=\"gts_text\">\u015eimdi bile, balinalar\u0131n m\u00fccadele. <\/span><span id=\"gts_text_33\" class=\"gts_text\">Bir zamanlar, bir balina d\u00fcnya ters taraf\u0131na kadar arama arkada\u015f duyabiliyordu. <\/span><span id=\"gts_text_34\" class=\"gts_text\">\u015eimdi, modern gemileri okyanus g\u00fcr\u00fclt\u00fcl\u00fc bir yer yapt\u0131k ve her y\u0131l noiser ve noiser olmaktad\u0131r. <\/span><span id=\"gts_text_35\" class=\"gts_text\">Bu zor ve sosyalle\u015fmek balinalar i\u00e7in zor yap\u0131yor ve avlanma durduruldu \u00e7\u00fcnk\u00fc onlar\u0131n n\u00fcfusunun \u00e7ok gitti de\u011fil neden olabilir.<\/span><\/p>\n<p><span id=\"gts_text_36\" class=\"gts_text\"><strong> <\/strong><\/span><\/p>\n<figure id=\"attachment_1052\" aria-describedby=\"caption-attachment-1052\" style=\"width: 300px\" class=\"wp-caption alignright\"><strong><strong><a href=\"http:\/\/www.big-animals.com\/wp-content\/uploads\/2008\/04\/BlueWhaleSkeleton.jpg\"><img loading=\"lazy\" decoding=\"async\" class=\"size-medium wp-image-1052\" title=\"Blue Whale Skeleton in Santa Cruz\" src=\"http:\/\/www.big-animals.com\/wp-content\/uploads\/2008\/04\/BlueWhaleSkeleton-300x225.jpg\" alt=\"Blue Whale Skeleton in Santa Cruz\" width=\"300\" height=\"225\" \/><\/a><\/strong><\/strong><figcaption id=\"caption-attachment-1052\" class=\"wp-caption-text\">Blue Whale Skeleton in Santa Cruz<\/figcaption><\/figure>\n<p><span id=\"gts_text_37\" class=\"gts_text\"><strong>Mavi balina diyet:<\/strong> Mavi balinalar \u00e7ok b\u00fcy\u00fck olmas\u0131na ra\u011fmen asl\u0131nda krili ad\u0131 verilen \u00e7ok k\u00fc\u00e7\u00fck karides gibi hayvanlar yemek. <\/span><span id=\"gts_text_38\" class=\"gts_text\">Bunlar genellikle b\u00fcy\u00fcmek i\u00e7in yakla\u015f\u0131k 1 ya da 2 cm uzunlu\u011funda. <\/span><span id=\"gts_text_39\" class=\"gts_text\">Besbelli, mavi balina b\u00fcy\u00fck bir\u00e7ok krili her g\u00fcn hayatta kalmak i\u00e7in yemek gerekir! <\/span><span id=\"gts_text_40\" class=\"gts_text\">Bunu bir yere b\u00fcy\u00fck bir yudum su alarak ve Bale ile onun a\u011fz\u0131ndan su iterek bir\u00e7ok bir\u00e7ok krili ile y\u00fczme yapar. <\/span><span id=\"gts_text_41\" class=\"gts_text\">Krili a\u011fz\u0131nda kalm\u0131\u015f ve daha sonra yuttu.<\/span><\/p>\n<p><span id=\"gts_text_42\" class=\"gts_text\">Mavi balinalar y\u00fczmek en fazla 50 km\/saat (30 mil) h\u0131zlarda ama normal olarak cruise yar\u0131s\u0131ndan az ki. <\/span><span id=\"gts_text_43\" class=\"gts_text\">Ne zaman yemek, onlar ger\u00e7ekten \u00e7ok yava\u015f yaln\u0131zca yakla\u015f\u0131k 5 km\/saat (3 mil) y\u00fczebilirsiniz. <\/span><span id=\"gts_text_44\" class=\"gts_text\">Tek ba\u015f\u0131na ya da \u00e7iftler genellikle ya\u015fad\u0131klar\u0131 ve 80 y\u0131l kadar ya\u015fad\u0131klar\u0131 inan\u0131l\u0131r.<\/span><\/p>\n<p><span id=\"gts_text_45\" class=\"gts_text\"><strong>Mavi balina resimleri:<\/strong> Son derece nadir yarat\u0131klar olduklar\u0131ndan, mavi balinalar, foto\u011fraflar\u0131n\u0131 elde etmek zordur. <\/span><span id=\"gts_text_46\" class=\"gts_text\">Burada mavi balina karaya y\u0131kanm\u0131\u015f uzakl\u0131kta Deniz Ara\u015ft\u0131rma Merkezi California, bir mil ya da bunu ekranda yukar\u0131daki foto\u011fraftaki iskeleti oldu\u011funu. <\/span><span id=\"gts_text_47\" class=\"gts_text\">Hatta skeleton in uydu foto\u011fraflar\u0131 g\u00f6rmek &#8211; a\u015fa\u011f\u0131ya bak\u0131n ve iskelet ile yak\u0131ndaki park etmi\u015f ara\u00e7lar\u0131n boyutunu kar\u015f\u0131la\u015ft\u0131r\u0131n!<\/span><\/p>\n<p style=\"text-align: center;\"><span id=\"gts_text_48\" class=\"gts_text\">[map:http:\/\/maps.google.com\/?ie=UTF8 &amp; ll = 36.949179,-122.065393 &amp; spn = 0.000967, 0.001591 &amp; t = h &amp; z = 20]<\/span><\/p>\n","protected":false},"excerpt":{"rendered":"<p>Mavi balina boyutu: Hatta en b\u00fcy\u00fck dinozor daha b\u00fcy\u00fck mavi balina i\u00e7in yakla\u015f\u0131k 30 metre (yakla\u015f\u0131k 100 metre) uzunlu\u011funda yeti\u015fir. 180000 Kg (neredeyse 400000 pound) &#8211; kalk\u0131\u015f &#8211; bir Boeing 747-400 haz\u0131r ayn\u0131 tartmak inan\u0131lmaktad\u0131r, ancak b\u00fcy\u00fck bir hayvan Tart\u0131m yapmak \u00e7ok zordur. \u00c7o\u011fu \u00f6l\u00e7\u00fcmleri ne zaman onlar avlanan &#8211; Avc\u0131lar-balina par\u00e7alara cut up ve &hellip; <a href=\"https:\/\/www.big-animals.com\/tr\/the-blue-whale-the-biggest-animal-there-ever-was\/\" class=\"more-link\">Continue reading <span class=\"screen-reader-text\">Mavi balina &#8211; en b\u00fcy\u00fck hayvan var hi\u00e7 oldu!<\/span><\/a><\/p>\n","protected":false},"author":1,"featured_media":0,"parent":0,"menu_order":0,"comment_status":"closed","ping_status":"open","template":"","meta":{"_acf_changed":false,"footnotes":""},"acf":[],"_links":{"self":[{"href":"https:\/\/www.big-animals.com\/tr\/wp-json\/wp\/v2\/pages\/7"}],"collection":[{"href":"https:\/\/www.big-animals.com\/tr\/wp-json\/wp\/v2\/pages"}],"about":[{"href":"https:\/\/www.big-animals.com\/tr\/wp-json\/wp\/v2\/types\/page"}],"author":[{"embeddable":true,"href":"https:\/\/www.big-animals.com\/tr\/wp-json\/wp\/v2\/users\/1"}],"replies":[{"embeddable":true,"href":"https:\/\/www.big-animals.com\/tr\/wp-json\/wp\/v2\/comments?post=7"}],"version-history":[{"count":0,"href":"https:\/\/www.big-animals.com\/tr\/wp-json\/wp\/v2\/pages\/7\/revisions"}],"wp:attachment":[{"href":"https:\/\/www.big-animals.com\/tr\/wp-json\/wp\/v2\/media?parent=7"}],"curies":[{"name":"wp","href":"https:\/\/api.w.org\/{rel}","templated":true}]}}