{"id":79,"date":"2011-05-09T11:37:39","date_gmt":"2011-05-09T11:37:39","guid":{"rendered":""},"modified":"2011-05-09T11:37:39","modified_gmt":"2011-05-09T11:37:39","slug":"titanoboa-b%c3%bcy%c3%bck-hi%c3%a7-y%c4%b1lan","status":"publish","type":"page","link":"https:\/\/www.big-animals.com\/tr\/titanoboa-b%c3%bcy%c3%bck-hi%c3%a7-y%c4%b1lan\/","title":{"rendered":"Titanoboa &#8211; en b\u00fcy\u00fck y\u0131lan\u0131 hi\u00e7"},"content":{"rendered":"<figure id=\"attachment_446\" aria-describedby=\"caption-attachment-446\" style=\"width: 300px\" class=\"wp-caption alignright\"><a href=\"http:\/\/www.big-animals.com\/wp-content\/uploads\/2011\/02\/Titanoboa_And_Human.png\"><img loading=\"lazy\" decoding=\"async\" class=\"size-medium wp-image-446\" title=\"Titanoboa and Human\" src=\"http:\/\/www.big-animals.com\/wp-content\/uploads\/2011\/02\/Titanoboa_And_Human-300x201.png\" alt=\"Titanoboa and Human\" width=\"300\" height=\"201\" \/><\/a><figcaption id=\"caption-attachment-446\" class=\"wp-caption-text\">Titanoboa and Human<\/figcaption><\/figure>\n<p><span id=\"gts_text_1\" class=\"gts_text\">Titanoboa Titanik boa anlam\u0131na gelir. <\/span><span id=\"gts_text_2\" class=\"gts_text\">Dinozorlar nesli izleyen yakla\u015f\u0131k 60-58 milyon y\u0131l \u00f6nce ya\u015fam\u0131\u015f olan tarih \u00f6ncesi bir y\u0131lan \u00f6yle. <\/span><span id=\"gts_text_3\" class=\"gts_text\">Bu s\u00fcr\u00fcngen &#8211; d\u00fcnyan\u0131n en b\u00fcy\u00fck <a href=\"http:\/\/www.big-animals.com\/snakes\/\">y\u0131lan\u0131<\/a> &#8211; hi\u00e7 oldu aras\u0131nda 12-15 metre (40-50 metre), otob\u00fcs uzunlu\u011fu hakk\u0131nda! <\/span><span id=\"gts_text_4\" class=\"gts_text\">Bu kadar k\u00fc\u00e7\u00fck bir otomobil &#8211; yakla\u015f\u0131k 1135 kilogram (2500 lb) a\u011f\u0131rl\u0131\u011f\u0131nda. <\/span><span id=\"gts_text_5\" class=\"gts_text\">Yakla\u015f\u0131k 1 metre (Foot) kal\u0131n g\u00f6vdesi kal\u0131n bir par\u00e7as\u0131 oldu.<\/span><\/p>\n<p><span id=\"gts_text_6\" class=\"gts_text\">Titanaboa fosilleri, Kolombiya, G\u00fcney Amerika&#8217;da bir k\u00f6m\u00fcr madeni rock tabakas\u0131 ke\u015ffedilmi\u015ftir. <\/span><span id=\"gts_text_7\" class=\"gts_text\">Kuzey Do\u011fu Kolombiya ya\u011fmur ormanlar\u0131n\u0131n i\u00e7inde ya\u015fad\u0131. <\/span><span id=\"gts_text_8\" class=\"gts_text\">Titanaboa&#8217;n\u0131n boyutu bize antik ya\u011fmur ormanlar\u0131n\u0131n \u0130klim Cooler than today &#8211; yakla\u015f\u0131k 30 c (85F) olmas\u0131 gerekir. <\/span><span id=\"gts_text_9\" class=\"gts_text\">Bu zaman zarf\u0131nda Earth s\u0131cak iklim modern y\u0131lanlar b\u00fcy\u00fck olmas\u0131 so\u011fuk kanl\u0131 y\u0131lanlar i\u00e7in m\u00fcmk\u00fcn k\u0131ld\u0131. <\/span><span id=\"gts_text_10\" class=\"gts_text\">\u00d6rne\u011fin, d\u00fcnyan\u0131n en uzun ve en a\u011f\u0131r y\u0131lan bug\u00fcn Reticulated Python, yakla\u015f\u0131k 8.7 metre (28 feet) ve Anaconda yakla\u015f\u0131k 5.2 metre (17 m) dir. <\/span><span id=\"gts_text_11\" class=\"gts_text\">Bu anda, so\u011fukkanl\u0131l\u0131kla s\u0131cak tropik hayvanlarda serin iklim b\u00f6lgelerinde bulunanlara daha b\u00fcy\u00fck olma e\u011filimindedirler.<\/span><\/p>\n","protected":false},"excerpt":{"rendered":"<p>Titanoboa Titanik boa anlam\u0131na gelir. Dinozorlar nesli izleyen yakla\u015f\u0131k 60-58 milyon y\u0131l \u00f6nce ya\u015fam\u0131\u015f olan tarih \u00f6ncesi bir y\u0131lan \u00f6yle. Bu s\u00fcr\u00fcngen &#8211; d\u00fcnyan\u0131n en b\u00fcy\u00fck y\u0131lan\u0131 &#8211; hi\u00e7 oldu aras\u0131nda 12-15 metre (40-50 metre), otob\u00fcs uzunlu\u011fu hakk\u0131nda! Bu kadar k\u00fc\u00e7\u00fck bir otomobil &#8211; yakla\u015f\u0131k 1135 kilogram (2500 lb) a\u011f\u0131rl\u0131\u011f\u0131nda. Yakla\u015f\u0131k 1 metre (Foot) kal\u0131n &hellip; <a href=\"https:\/\/www.big-animals.com\/tr\/titanoboa-b%c3%bcy%c3%bck-hi%c3%a7-y%c4%b1lan\/\" class=\"more-link\">Continue reading <span class=\"screen-reader-text\">Titanoboa &#8211; en b\u00fcy\u00fck y\u0131lan\u0131 hi\u00e7<\/span><\/a><\/p>\n","protected":false},"author":1,"featured_media":0,"parent":0,"menu_order":0,"comment_status":"closed","ping_status":"open","template":"","meta":{"_acf_changed":false,"footnotes":""},"acf":[],"_links":{"self":[{"href":"https:\/\/www.big-animals.com\/tr\/wp-json\/wp\/v2\/pages\/79"}],"collection":[{"href":"https:\/\/www.big-animals.com\/tr\/wp-json\/wp\/v2\/pages"}],"about":[{"href":"https:\/\/www.big-animals.com\/tr\/wp-json\/wp\/v2\/types\/page"}],"author":[{"embeddable":true,"href":"https:\/\/www.big-animals.com\/tr\/wp-json\/wp\/v2\/users\/1"}],"replies":[{"embeddable":true,"href":"https:\/\/www.big-animals.com\/tr\/wp-json\/wp\/v2\/comments?post=79"}],"version-history":[{"count":0,"href":"https:\/\/www.big-animals.com\/tr\/wp-json\/wp\/v2\/pages\/79\/revisions"}],"wp:attachment":[{"href":"https:\/\/www.big-animals.com\/tr\/wp-json\/wp\/v2\/media?parent=79"}],"curies":[{"name":"wp","href":"https:\/\/api.w.org\/{rel}","templated":true}]}}