{"id":88,"date":"2011-06-04T03:34:52","date_gmt":"2011-06-04T03:34:52","guid":{"rendered":""},"modified":"2011-06-04T03:34:52","modified_gmt":"2011-06-04T03:34:52","slug":"anthropornis","status":"publish","type":"page","link":"https:\/\/www.big-animals.com\/tr\/anthropornis\/","title":{"rendered":"Anthropornis"},"content":{"rendered":"<p><span id=\"gts_text_1\" class=\"gts_text\">Anthropornis \u00e7ok uzun y\u0131llar \u00f6nce ya\u015fam\u0131\u015f dev <a title=\"Penguins\" href=\"http:\/\/www.big-animals.com\/penguins\/\">penguenler<\/a> grubudur. <\/span><span id=\"gts_text_2\" class=\"gts_text\">Onlar yakla\u015f\u0131k 1.7 m (5 ft 7in) y\u00fcksekli\u011fi ve 90 kg (200 lb), en bilinen hi\u00e7 bulunmalar\u0131n\u0131 a\u011f\u0131rl\u0131\u011f\u0131nda! <\/span><span id=\"gts_text_3\" class=\"gts_text\">Onlar\u0131n fosiller Seymour adada Antarktika ve Yeni Zelanda&#8217;n\u0131n k\u0131y\u0131s\u0131 a\u00e7\u0131klar\u0131nda bulundu. <\/span><span id=\"gts_text_4\" class=\"gts_text\">Onlar gibi baz\u0131 yeti\u015fkin insan boyunu, asl\u0131nda onlar\u0131n ad\u0131 (Anthropornis) &#8220;adam-ku\u015f&#8221; anlam\u0131na gelir.<\/span><\/p>\n<p><figure id=\"attachment_1234\" aria-describedby=\"caption-attachment-1234\" style=\"width: 300px\" class=\"wp-caption aligncenter\"><figcaption id=\"caption-attachment-1234\" class=\"wp-caption-text\">Anthropornis and Human - Adapted from a sketch by Wikimedia user &#038;quot;Philip72&#038;quot;<\/figcaption><\/figure><a href=\"http:\/\/www.big-animals.com\/wp-content\/uploads\/2011\/06\/Anthropornis_and_Human.png\"><img loading=\"lazy\" decoding=\"async\" class=\"size-medium wp-image-1234\" title=\"Anthropornis and Human - Adapted from a sketch by Wikimedia user &#038;quot;Philip72&#038;quot;\" src=\"http:\/\/www.big-animals.com\/wp-content\/uploads\/2011\/06\/Anthropornis_and_Human-300x259.png\" alt=\"Anthropornis and Human - Adapted from a sketch by Wikimedia user &#038;quot;Philip72&#038;quot;\" width=\"300\" height=\"259\" \/><span id=\"gts_text_5\" class=\"gts_text\"><\/span><\/p>\n","protected":false},"excerpt":{"rendered":"<p>Anthropornis \u00e7ok uzun y\u0131llar \u00f6nce ya\u015fam\u0131\u015f dev penguenler grubudur. Onlar yakla\u015f\u0131k 1.7 m (5 ft 7in) y\u00fcksekli\u011fi ve 90 kg (200 lb), en bilinen hi\u00e7 bulunmalar\u0131n\u0131 a\u011f\u0131rl\u0131\u011f\u0131nda! Onlar\u0131n fosiller Seymour adada Antarktika ve Yeni Zelanda&#8217;n\u0131n k\u0131y\u0131s\u0131 a\u00e7\u0131klar\u0131nda bulundu. Onlar gibi baz\u0131 yeti\u015fkin insan boyunu, asl\u0131nda onlar\u0131n ad\u0131 (Anthropornis) &#8220;adam-ku\u015f&#8221; anlam\u0131na gelir.<\/p>\n","protected":false},"author":1,"featured_media":0,"parent":0,"menu_order":0,"comment_status":"closed","ping_status":"open","template":"","meta":{"_acf_changed":false,"footnotes":""},"acf":[],"_links":{"self":[{"href":"https:\/\/www.big-animals.com\/tr\/wp-json\/wp\/v2\/pages\/88"}],"collection":[{"href":"https:\/\/www.big-animals.com\/tr\/wp-json\/wp\/v2\/pages"}],"about":[{"href":"https:\/\/www.big-animals.com\/tr\/wp-json\/wp\/v2\/types\/page"}],"author":[{"embeddable":true,"href":"https:\/\/www.big-animals.com\/tr\/wp-json\/wp\/v2\/users\/1"}],"replies":[{"embeddable":true,"href":"https:\/\/www.big-animals.com\/tr\/wp-json\/wp\/v2\/comments?post=88"}],"version-history":[{"count":0,"href":"https:\/\/www.big-animals.com\/tr\/wp-json\/wp\/v2\/pages\/88\/revisions"}],"wp:attachment":[{"href":"https:\/\/www.big-animals.com\/tr\/wp-json\/wp\/v2\/media?parent=88"}],"curies":[{"name":"wp","href":"https:\/\/api.w.org\/{rel}","templated":true}]}}